{"id":333,"date":"2024-10-18T01:11:34","date_gmt":"2024-10-18T01:11:34","guid":{"rendered":"https:\/\/stratisrl.com\/?page_id=333"},"modified":"2026-03-21T16:55:20","modified_gmt":"2026-03-21T16:55:20","slug":"technology","status":"publish","type":"page","link":"https:\/\/stratisrl.com\/pt\/technology\/","title":{"rendered":"Tecnologia"},"content":{"rendered":"<div data-elementor-type=\"wp-page\" data-elementor-id=\"333\" class=\"elementor elementor-333\">\n\t\t\t\t\t\t<section class=\"elementor-section elementor-top-section elementor-element elementor-element-117c6a4f elementor-section-boxed elementor-section-height-default elementor-section-height-default wpr-particle-no wpr-jarallax-no wpr-parallax-no wpr-sticky-section-no exad-sticky-section-no\" data-id=\"117c6a4f\" data-element_type=\"section\" data-settings=\"{&quot;background_background&quot;:&quot;classic&quot;}\">\n\t\t\t\t\t\t\t<div class=\"elementor-background-overlay\"><\/div>\n\t\t\t\t\t\t\t<div class=\"elementor-container elementor-column-gap-default\">\n\t\t\t\t\t<div class=\"elementor-column elementor-col-100 elementor-top-column elementor-element elementor-element-225dfcd8 exad-glass-effect-no exad-sticky-section-no\" data-id=\"225dfcd8\" data-element_type=\"column\">\n\t\t\t<div class=\"elementor-widget-wrap elementor-element-populated\">\n\t\t\t\t\t\t<div class=\"elementor-element elementor-element-454b7247 elementor-widget__width-auto elementor-icon-list--layout-traditional elementor-list-item-link-full_width exad-sticky-section-no exad-glass-effect-no elementor-widget elementor-widget-icon-list\" data-id=\"454b7247\" data-element_type=\"widget\" data-widget_type=\"icon-list.default\">\n\t\t\t\t<div class=\"elementor-widget-container\">\n\t\t\t\t\t<ul class=\"elementor-icon-list-items\">\n\t\t\t\t\t\t\t<li class=\"elementor-icon-list-item\">\n\t\t\t\t\t\t\t\t\t\t\t<a href=\"#\">\n\n\t\t\t\t\t\t\t\t\t\t\t<span class=\"elementor-icon-list-text\">Home <\/span>\n\t\t\t\t\t\t\t\t\t\t\t<\/a>\n\t\t\t\t\t\t\t\t\t<\/li>\n\t\t\t\t\t\t<\/ul>\n\t\t\t\t<\/div>\n\t\t\t\t<\/div>\n\t\t\t\t<div class=\"elementor-element elementor-element-77c4a3ac elementor-widget__width-auto exad-sticky-section-no exad-glass-effect-no elementor-widget elementor-widget-heading\" data-id=\"77c4a3ac\" data-element_type=\"widget\" data-widget_type=\"heading.default\">\n\t\t\t\t<div class=\"elementor-widget-container\">\n\t\t\t<h6 class=\"elementor-heading-title elementor-size-default\">\/<\/h6>\t\t<\/div>\n\t\t\t\t<\/div>\n\t\t\t\t<div class=\"elementor-element elementor-element-55f628e7 elementor-widget__width-auto elementor-icon-list--layout-traditional elementor-list-item-link-full_width exad-sticky-section-no exad-glass-effect-no elementor-widget elementor-widget-icon-list\" data-id=\"55f628e7\" data-element_type=\"widget\" data-widget_type=\"icon-list.default\">\n\t\t\t\t<div class=\"elementor-widget-container\">\n\t\t\t\t\t<ul class=\"elementor-icon-list-items\">\n\t\t\t\t\t\t\t<li class=\"elementor-icon-list-item\">\n\t\t\t\t\t\t\t\t\t\t\t<a href=\"https:\/\/stratisrl.com\/pt\/technology\/\">\n\n\t\t\t\t\t\t\t\t\t\t\t<span class=\"elementor-icon-list-text\">Tecnologia<\/span>\n\t\t\t\t\t\t\t\t\t\t\t<\/a>\n\t\t\t\t\t\t\t\t\t<\/li>\n\t\t\t\t\t\t<\/ul>\n\t\t\t\t<\/div>\n\t\t\t\t<\/div>\n\t\t\t\t<div class=\"elementor-element elementor-element-10369a58 exad-sticky-section-no exad-glass-effect-no elementor-widget elementor-widget-heading\" data-id=\"10369a58\" data-element_type=\"widget\" data-widget_type=\"heading.default\">\n\t\t\t\t<div class=\"elementor-widget-container\">\n\t\t\t<h1 class=\"elementor-heading-title elementor-size-default\">Tecnologia<\/h1>\t\t<\/div>\n\t\t\t\t<\/div>\n\t\t\t\t\t<\/div>\n\t\t<\/div>\n\t\t\t\t\t<\/div>\n\t\t<\/section>\n\t\t\t\t<section class=\"elementor-section elementor-top-section elementor-element elementor-element-174d4f8e elementor-section-boxed elementor-section-height-default elementor-section-height-default exad-glass-effect-no wpr-particle-no wpr-jarallax-no wpr-parallax-no wpr-sticky-section-no exad-sticky-section-no\" data-id=\"174d4f8e\" data-element_type=\"section\">\n\t\t\t\t\t\t<div class=\"elementor-container elementor-column-gap-default\">\n\t\t\t\t\t<div class=\"elementor-column elementor-col-50 elementor-top-column elementor-element elementor-element-215612fc exad-glass-effect-no exad-sticky-section-no\" data-id=\"215612fc\" data-element_type=\"column\">\n\t\t\t<div class=\"elementor-widget-wrap elementor-element-populated\">\n\t\t\t\t\t\t<div class=\"elementor-element elementor-element-359a751e elementor-widget__width-auto elementor-widget-divider--view-line exad-sticky-section-no exad-glass-effect-no elementor-widget elementor-widget-divider\" data-id=\"359a751e\" data-element_type=\"widget\" data-widget_type=\"divider.default\">\n\t\t\t\t<div class=\"elementor-widget-container\">\n\t\t\t\t\t<div class=\"elementor-divider\">\n\t\t\t<span class=\"elementor-divider-separator\">\n\t\t\t\t\t\t<\/span>\n\t\t<\/div>\n\t\t\t\t<\/div>\n\t\t\t\t<\/div>\n\t\t\t\t<div class=\"elementor-element elementor-element-6799da7c elementor-widget__width-auto exad-sticky-section-no exad-glass-effect-no elementor-widget elementor-widget-heading\" data-id=\"6799da7c\" data-element_type=\"widget\" data-widget_type=\"heading.default\">\n\t\t\t\t<div class=\"elementor-widget-container\">\n\t\t\t<h6 class=\"elementor-heading-title elementor-size-default\">Saiba mais<\/h6>\t\t<\/div>\n\t\t\t\t<\/div>\n\t\t\t\t<div class=\"elementor-element elementor-element-1844a36c exad-sticky-section-no exad-glass-effect-no elementor-widget elementor-widget-heading\" data-id=\"1844a36c\" data-element_type=\"widget\" data-widget_type=\"heading.default\">\n\t\t\t\t<div class=\"elementor-widget-container\">\n\t\t\t<h2 class=\"elementor-heading-title elementor-size-default\">Nossa tecnologia<\/h2>\t\t<\/div>\n\t\t\t\t<\/div>\n\t\t\t\t<div class=\"elementor-element elementor-element-1025c017 exad-sticky-section-no exad-glass-effect-no elementor-widget elementor-widget-text-editor\" data-id=\"1025c017\" data-element_type=\"widget\" data-widget_type=\"text-editor.default\">\n\t\t\t\t<div class=\"elementor-widget-container\">\n\t\t\t\t\t\t\t<div class=\"flex flex-col text-sm pb-25\"><section class=\"text-token-text-primary w-full focus:outline-none [--shadow-height:45px] has-data-writing-block:pointer-events-none has-data-writing-block:-mt-(--shadow-height) has-data-writing-block:pt-(--shadow-height) [&amp;:has([data-writing-block])&gt;*]:pointer-events-auto scroll-mt-[calc(var(--header-height)+min(200px,max(70px,20svh)))]\" dir=\"auto\" data-turn-id=\"request-WEB:f4ccecf8-9d92-4fd4-b83e-47978993ffb2-4\" data-testid=\"conversation-turn-8\" data-scroll-anchor=\"true\" data-turn=\"assistant\"><div class=\"text-base my-auto mx-auto pb-10 [--thread-content-margin:var(--thread-content-margin-xs,calc(var(--spacing)*4))] @w-sm\/main:[--thread-content-margin:var(--thread-content-margin-sm,calc(var(--spacing)*6))] @w-lg\/main:[--thread-content-margin:var(--thread-content-margin-lg,calc(var(--spacing)*16))] px-(--thread-content-margin)\"><div class=\"[--thread-content-max-width:40rem] @w-lg\/main:[--thread-content-max-width:48rem] mx-auto max-w-(--thread-content-max-width) flex-1 group\/turn-messages focus-visible:outline-hidden relative flex w-full min-w-0 flex-col agent-turn\"><div class=\"flex max-w-full flex-col gap-4 grow\"><div class=\"min-h-8 text-message relative flex w-full flex-col items-end gap-2 text-start break-words whitespace-normal outline-none keyboard-focused:focus-ring [.text-message+&amp;]:mt-1\" dir=\"auto\" tabindex=\"0\" data-message-author-role=\"assistant\" data-message-id=\"5379bb87-c1c1-4207-94a5-f5cdaafb428b\" data-message-model-slug=\"gpt-5-3\" data-turn-start-message=\"true\"><div class=\"flex w-full flex-col gap-1 empty:hidden\"><div class=\"markdown prose dark:prose-invert w-full wrap-break-word light markdown-new-styling\"><p data-start=\"0\" data-end=\"476\" data-is-last-node=\"\" data-is-only-node=\"\">Estamos comprometidos com a qualidade e a sustentabilidade em todos os aspectos do nosso processo de produ\u00e7\u00e3o. Nossas blanquetas de impress\u00e3o s\u00e3o fabricadas por meio de um processo rigoroso que garante efici\u00eancia, precis\u00e3o e, principalmente, a seguran\u00e7a de nossos clientes e do meio ambiente. Um diferencial fundamental em nossa produ\u00e7\u00e3o \u00e9 a exclus\u00e3o do tolueno - um qu\u00edmico comumente usado na fabrica\u00e7\u00e3o de blanquetas - que eliminamos para oferecer um produto mais seguro e ecologicamente correto.<\/p><\/div><\/div><\/div><\/div><div class=\"z-0 flex min-h-[46px] justify-start\">\u00a0<\/div><div class=\"mt-3 w-full empty:hidden\"><div class=\"text-center\">\u00a0<\/div><\/div><\/div><\/div><\/section><\/div><div class=\"pointer-events-none h-px w-px absolute bottom-0\" aria-hidden=\"true\" data-edge=\"true\">\u00a0<\/div>\t\t\t\t\t\t<\/div>\n\t\t\t\t<\/div>\n\t\t\t\t\t<\/div>\n\t\t<\/div>\n\t\t\t\t<div class=\"elementor-column elementor-col-50 elementor-top-column elementor-element elementor-element-63c6f364 exad-glass-effect-no exad-sticky-section-no\" data-id=\"63c6f364\" data-element_type=\"column\">\n\t\t\t<div class=\"elementor-widget-wrap elementor-element-populated\">\n\t\t\t\t\t\t<div class=\"elementor-element elementor-element-2dddc57b elementor-widget__width-auto exad-sticky-section-no exad-glass-effect-no elementor-widget elementor-widget-image\" data-id=\"2dddc57b\" data-element_type=\"widget\" data-widget_type=\"image.default\">\n\t\t\t\t<div class=\"elementor-widget-container\">\n\t\t\t\t\t\t\t\t\t\t\t\t\t<img fetchpriority=\"high\" decoding=\"async\" width=\"570\" height=\"635\" src=\"https:\/\/stratisrl.com\/wp-content\/uploads\/2024\/10\/technology.jpg\" class=\"attachment-full size-full wp-image-349\" alt=\"\" srcset=\"https:\/\/stratisrl.com\/wp-content\/uploads\/2024\/10\/technology.jpg 570w, https:\/\/stratisrl.com\/wp-content\/uploads\/2024\/10\/technology-269x300.jpg 269w\" sizes=\"(max-width: 570px) 100vw, 570px\" \/>\t\t\t\t\t\t\t\t\t\t\t\t\t<\/div>\n\t\t\t\t<\/div>\n\t\t\t\t\t<\/div>\n\t\t<\/div>\n\t\t\t\t\t<\/div>\n\t\t<\/section>\n\t\t\t\t<section class=\"elementor-section elementor-top-section elementor-element elementor-element-95a6e47 elementor-section-boxed elementor-section-height-default elementor-section-height-default exad-glass-effect-no wpr-particle-no wpr-jarallax-no wpr-parallax-no wpr-sticky-section-no exad-sticky-section-no\" data-id=\"95a6e47\" data-element_type=\"section\" data-settings=\"{&quot;background_background&quot;:&quot;classic&quot;}\">\n\t\t\t\t\t\t<div class=\"elementor-container elementor-column-gap-default\">\n\t\t\t\t\t<div class=\"elementor-column elementor-col-50 elementor-top-column elementor-element elementor-element-6313d7c exad-glass-effect-no exad-sticky-section-no\" data-id=\"6313d7c\" data-element_type=\"column\">\n\t\t\t<div class=\"elementor-widget-wrap elementor-element-populated\">\n\t\t\t\t\t\t<div class=\"elementor-element elementor-element-b737e16 elementor-widget__width-auto exad-sticky-section-no exad-glass-effect-no elementor-widget elementor-widget-image\" data-id=\"b737e16\" data-element_type=\"widget\" data-widget_type=\"image.default\">\n\t\t\t\t<div class=\"elementor-widget-container\">\n\t\t\t\t\t\t\t\t\t\t\t\t\t<img decoding=\"async\" width=\"570\" height=\"635\" src=\"https:\/\/stratisrl.com\/wp-content\/uploads\/2024\/10\/technology-home-1.jpg\" class=\"attachment-full size-full wp-image-350\" alt=\"\" srcset=\"https:\/\/stratisrl.com\/wp-content\/uploads\/2024\/10\/technology-home-1.jpg 570w, https:\/\/stratisrl.com\/wp-content\/uploads\/2024\/10\/technology-home-1-269x300.jpg 269w\" sizes=\"(max-width: 570px) 100vw, 570px\" \/>\t\t\t\t\t\t\t\t\t\t\t\t\t<\/div>\n\t\t\t\t<\/div>\n\t\t\t\t\t<\/div>\n\t\t<\/div>\n\t\t\t\t<div class=\"elementor-column elementor-col-50 elementor-top-column elementor-element elementor-element-a48d48f exad-glass-effect-no exad-sticky-section-no\" data-id=\"a48d48f\" data-element_type=\"column\">\n\t\t\t<div class=\"elementor-widget-wrap elementor-element-populated\">\n\t\t\t\t\t\t<div class=\"elementor-element elementor-element-a3f4700 elementor-widget__width-auto exad-sticky-section-no exad-glass-effect-no elementor-widget elementor-widget-heading\" data-id=\"a3f4700\" data-element_type=\"widget\" data-widget_type=\"heading.default\">\n\t\t\t\t<div class=\"elementor-widget-container\">\n\t\t\t<h6 class=\"elementor-heading-title elementor-size-default\">Nossa Tecnologia<\/h6>\t\t<\/div>\n\t\t\t\t<\/div>\n\t\t\t\t<div class=\"elementor-element elementor-element-79c687e exad-sticky-section-no exad-glass-effect-no elementor-widget elementor-widget-heading\" data-id=\"79c687e\" data-element_type=\"widget\" data-widget_type=\"heading.default\">\n\t\t\t\t<div class=\"elementor-widget-container\">\n\t\t\t<h2 class=\"elementor-heading-title elementor-size-default\">Processos de Produ\u00e7\u00e3o<\/h2>\t\t<\/div>\n\t\t\t\t<\/div>\n\t\t\t\t<div class=\"elementor-element elementor-element-88135d3 exad-sticky-section-no exad-glass-effect-no elementor-widget elementor-widget-elementskit-accordion\" data-id=\"88135d3\" data-element_type=\"widget\" data-widget_type=\"elementskit-accordion.default\">\n\t\t\t\t<div class=\"elementor-widget-container\">\n\t\t\t<div class=\"ekit-wid-con\" >\n        <div class=\"elementskit-accordion accoedion-primary\" id=\"accordion-69dff5955004a\">\n\n            \n                <div class=\"elementskit-card active\">\n                    <div class=\"elementskit-card-header\" id=\"primaryHeading-0-88135d3\">\n                        <a href=\"#collapse-d35d79369dff5955004a\" class=\"ekit-accordion--toggler elementskit-btn-link collapsed\" data-ekit-toggle=\"collapse\" data-target=\"#Collapse-d35d79369dff5955004a\" aria-expanded=\"true\" aria-controls=\"Collapse-d35d79369dff5955004a\">\n                            \n                            <span class=\"ekit-accordion-title\">1. Extrus\u00e3o<\/span>\n\n                            \n                                <div class=\"ekit_accordion_icon_group\">\n                                    <div class=\"ekit_accordion_normal_icon\">\n                                        <!-- Normal Icon -->\n\t\t\t\t\t\t\t\t\t\t<i class=\"icon icon-up-arrow1\"><\/i>                                    <\/div>\n\n                                    <div class=\"ekit_accordion_active_icon\">\n                                        <!-- Active Icon -->\n\t\t\t\t\t\t\t\t\t\t<i class=\"icon icon-down-arrow1\"><\/i>                                    <\/div>\n                                <\/div>\n\n                            \n                                                    <\/a>\n                    <\/div>\n\n                    <div id=\"Collapse-d35d79369dff5955004a\" class=\"show collapse\" aria-labelledby=\"primaryHeading-0-88135d3\" data-parent=\"#accordion-69dff5955004a\">\n\n                        <div class=\"elementskit-card-body ekit-accordion--content\">\n                            <p>A primeira etapa do nosso processo \u00e9 a extrus\u00e3o, onde a borracha bruta \u00e9 moldada em uma forma cont\u00ednua. Utilizando equipamentos de alta precis\u00e3o, garantimos que a borracha extrudada tenha a consist\u00eancia e as dimens\u00f5es exatas necess\u00e1rias para as etapas subsequentes. Este processo inicial \u00e9 crucial para garantir a uniformidade e a qualidade do produto final.<\/p>                        <\/div>\n\n                    <\/div>\n\n                <\/div><!-- .elementskit-card END -->\n\n                \n                <div class=\"elementskit-card\">\n                    <div class=\"elementskit-card-header\" id=\"primaryHeading-1-88135d3\">\n                        <a href=\"#collapse-0dcff9f69dff5955004a\" class=\"ekit-accordion--toggler elementskit-btn-link collapsed\" data-ekit-toggle=\"collapse\" data-target=\"#Collapse-0dcff9f69dff5955004a\" aria-expanded=\"false\" aria-controls=\"Collapse-0dcff9f69dff5955004a\">\n                            \n                            <span class=\"ekit-accordion-title\">2. Calandragem<\/span>\n\n                            \n                                <div class=\"ekit_accordion_icon_group\">\n                                    <div class=\"ekit_accordion_normal_icon\">\n                                        <!-- Normal Icon -->\n\t\t\t\t\t\t\t\t\t\t<i class=\"icon icon-up-arrow1\"><\/i>                                    <\/div>\n\n                                    <div class=\"ekit_accordion_active_icon\">\n                                        <!-- Active Icon -->\n\t\t\t\t\t\t\t\t\t\t<i class=\"icon icon-down-arrow1\"><\/i>                                    <\/div>\n                                <\/div>\n\n                            \n                                                    <\/a>\n                    <\/div>\n\n                    <div id=\"Collapse-0dcff9f69dff5955004a\" class=\"collapse\" aria-labelledby=\"primaryHeading-1-88135d3\" data-parent=\"#accordion-69dff5955004a\">\n\n                        <div class=\"elementskit-card-body ekit-accordion--content\">\n                            <p>Ap\u00f3s a extrus\u00e3o, a borracha passa pela calandragem, o que facilita a produ\u00e7\u00e3o em larga escala de blanquetas de impress\u00e3o de forma eficiente e consistente, sem o uso de tolueno. Nessa fase, a borracha passa por rolos, comprimindo o material e ajustando sua espessura, criando uma superf\u00edcie lisa e uniforme.<\/p>                        <\/div>\n\n                    <\/div>\n\n                <\/div><!-- .elementskit-card END -->\n\n                \n                <div class=\"elementskit-card\">\n                    <div class=\"elementskit-card-header\" id=\"primaryHeading-2-88135d3\">\n                        <a href=\"#collapse-40c475669dff5955004a\" class=\"ekit-accordion--toggler elementskit-btn-link collapsed\" data-ekit-toggle=\"collapse\" data-target=\"#Collapse-40c475669dff5955004a\" aria-expanded=\"false\" aria-controls=\"Collapse-40c475669dff5955004a\">\n                            \n                            <span class=\"ekit-accordion-title\">3. Vulcaniza\u00e7\u00e3o<\/span>\n\n                            \n                                <div class=\"ekit_accordion_icon_group\">\n                                    <div class=\"ekit_accordion_normal_icon\">\n                                        <!-- Normal Icon -->\n\t\t\t\t\t\t\t\t\t\t<i class=\"icon icon-up-arrow1\"><\/i>                                    <\/div>\n\n                                    <div class=\"ekit_accordion_active_icon\">\n                                        <!-- Active Icon -->\n\t\t\t\t\t\t\t\t\t\t<i class=\"icon icon-down-arrow1\"><\/i>                                    <\/div>\n                                <\/div>\n\n                            \n                                                    <\/a>\n                    <\/div>\n\n                    <div id=\"Collapse-40c475669dff5955004a\" class=\"collapse\" aria-labelledby=\"primaryHeading-2-88135d3\" data-parent=\"#accordion-69dff5955004a\">\n\n                        <div class=\"elementskit-card-body ekit-accordion--content\">\n                            <p>Em seguida, vem o processo de vulcaniza\u00e7\u00e3o, onde as folhas calandradas s\u00e3o expostas a altas temperaturas e press\u00e3o para curar a borracha. Esse processo cria liga\u00e7\u00f5es qu\u00edmicas entre as mol\u00e9culas de borracha, aumentando a elasticidade, a resist\u00eancia ao desgaste e a durabilidade das blanquetas. Ao omitir o tolueno do nosso processo de vulcaniza\u00e7\u00e3o, n\u00e3o apenas protegemos nossos funcion\u00e1rios e o meio ambiente, como tamb\u00e9m entregamos um produto final mais puro e seguro aos nossos clientes.<\/p>                        <\/div>\n\n                    <\/div>\n\n                <\/div><!-- .elementskit-card END -->\n\n                \n                <div class=\"elementskit-card\">\n                    <div class=\"elementskit-card-header\" id=\"primaryHeading-3-88135d3\">\n                        <a href=\"#collapse-0d3087169dff5955004a\" class=\"ekit-accordion--toggler elementskit-btn-link collapsed\" data-ekit-toggle=\"collapse\" data-target=\"#Collapse-0d3087169dff5955004a\" aria-expanded=\"false\" aria-controls=\"Collapse-0d3087169dff5955004a\">\n                            \n                            <span class=\"ekit-accordion-title\">4. Retifica\u00e7\u00e3o<\/span>\n\n                            \n                                <div class=\"ekit_accordion_icon_group\">\n                                    <div class=\"ekit_accordion_normal_icon\">\n                                        <!-- Normal Icon -->\n\t\t\t\t\t\t\t\t\t\t<i class=\"icon icon-up-arrow1\"><\/i>                                    <\/div>\n\n                                    <div class=\"ekit_accordion_active_icon\">\n                                        <!-- Active Icon -->\n\t\t\t\t\t\t\t\t\t\t<i class=\"icon icon-down-arrow1\"><\/i>                                    <\/div>\n                                <\/div>\n\n                            \n                                                    <\/a>\n                    <\/div>\n\n                    <div id=\"Collapse-0d3087169dff5955004a\" class=\"collapse\" aria-labelledby=\"primaryHeading-3-88135d3\" data-parent=\"#accordion-69dff5955004a\">\n\n                        <div class=\"elementskit-card-body ekit-accordion--content\">\n                            <p>Por fim, nossas blanquetas de impress\u00e3o passam pelo processo de retifica\u00e7\u00e3o. Nesta fase, as superf\u00edcies s\u00e3o meticulosamente polidas e ajustadas para garantir dimens\u00f5es precisas. Esta etapa garante que cada blanqueta tenha a espessura e a textura ideais para um desempenho impec\u00e1vel em m\u00e1quinas de impress\u00e3o, proporcionando resultados impec\u00e1veis \u200b\u200ba cada tiragem.<\/p>                        <\/div>\n\n                    <\/div>\n\n                <\/div><!-- .elementskit-card END -->\n\n                                        <\/div>\n    <\/div>\t\t<\/div>\n\t\t\t\t<\/div>\n\t\t\t\t\t<\/div>\n\t\t<\/div>\n\t\t\t\t\t<\/div>\n\t\t<\/section>\n\t\t\t\t<\/div>","protected":false},"excerpt":{"rendered":"<p>Home \/ Our technology\u200b Our technology\u200b Learn more Our technology We are committed to quality and sustainability in every aspect of our production process. Our printing blankets are manufactured through a rigorous process that ensures efficiency, precision, and above all, the safety of our clients and the environment. A key differentiator in our production is the elimination of toluene\u2014a chemical commonly used in the manufacturing of printing blankets\u2014which we have removed to deliver a safer and more environmentally responsible product. \u00a0\u00a0 \u00a0 Our Technology Production Processes 1. Extrusion The first stage of our process is extrusion, where raw rubber is molded into a continuous form. Using high-precision equipment, we ensure the extruded rubber has the exact consistency and dimensions required for subsequent stages. This initial process is crucial for guaranteeing uniformity and the quality of the final product. 2. Calendering After extrusion, the rubber undergoes calendering, which facilitates the large-scale production of printing blankets efficiently and consistently, without the use of toluene. In this phase, the rubber is passed through rollers, compressing the material and adjusting its thickness, creating a smooth and even surface. 3. Vulcanization Next is the vulcanization process, where the calendered sheets are exposed to high temperatures and pressure to cure the rubber. This process creates chemical bonds between the rubber molecules, enhancing the elasticity, wear resistance, and durability of the blankets. By omitting toluene from our vulcanization process, we not only protect our workers and the environment but also deliver a purer, safer final product to our clients. 4. Grinding Finally, our printing blankets undergo the grinding process. In this phase, the surfaces are meticulously polished and adjusted to ensure precise dimensions. This step ensures that each blanket has the ideal flatness and texture for flawless performance in printing machines, delivering impeccable results with every print run.<\/p>","protected":false},"author":1,"featured_media":0,"parent":0,"menu_order":0,"comment_status":"closed","ping_status":"closed","template":"elementor_header_footer","meta":{"footnotes":""},"class_list":["post-333","page","type-page","status-publish","hentry"],"_links":{"self":[{"href":"https:\/\/stratisrl.com\/pt\/wp-json\/wp\/v2\/pages\/333","targetHints":{"allow":["GET"]}}],"collection":[{"href":"https:\/\/stratisrl.com\/pt\/wp-json\/wp\/v2\/pages"}],"about":[{"href":"https:\/\/stratisrl.com\/pt\/wp-json\/wp\/v2\/types\/page"}],"author":[{"embeddable":true,"href":"https:\/\/stratisrl.com\/pt\/wp-json\/wp\/v2\/users\/1"}],"replies":[{"embeddable":true,"href":"https:\/\/stratisrl.com\/pt\/wp-json\/wp\/v2\/comments?post=333"}],"version-history":[{"count":25,"href":"https:\/\/stratisrl.com\/pt\/wp-json\/wp\/v2\/pages\/333\/revisions"}],"predecessor-version":[{"id":731,"href":"https:\/\/stratisrl.com\/pt\/wp-json\/wp\/v2\/pages\/333\/revisions\/731"}],"wp:attachment":[{"href":"https:\/\/stratisrl.com\/pt\/wp-json\/wp\/v2\/media?parent=333"}],"curies":[{"name":"wp","href":"https:\/\/api.w.org\/{rel}","templated":true}]}}