{"id":407,"date":"2024-10-18T03:03:09","date_gmt":"2024-10-18T03:03:09","guid":{"rendered":"https:\/\/stratisrl.com\/?page_id=407"},"modified":"2026-03-21T22:06:12","modified_gmt":"2026-03-21T22:06:12","slug":"coating-plates","status":"publish","type":"page","link":"https:\/\/stratisrl.com\/pt\/coating-plates\/","title":{"rendered":"Coating Plates"},"content":{"rendered":"<div data-elementor-type=\"wp-page\" data-elementor-id=\"407\" class=\"elementor elementor-407\">\n\t\t\t\t\t\t<section class=\"elementor-section elementor-top-section elementor-element elementor-element-839d3a8 elementor-section-boxed elementor-section-height-default elementor-section-height-default exad-glass-effect-no wpr-particle-no wpr-jarallax-no wpr-parallax-no wpr-sticky-section-no exad-sticky-section-no\" data-id=\"839d3a8\" data-element_type=\"section\" data-settings=\"{&quot;background_background&quot;:&quot;classic&quot;}\">\n\t\t\t\t\t\t\t<div class=\"elementor-background-overlay\"><\/div>\n\t\t\t\t\t\t\t<div class=\"elementor-container elementor-column-gap-default\">\n\t\t\t\t\t<div class=\"elementor-column elementor-col-100 elementor-top-column elementor-element elementor-element-c3646f9 exad-glass-effect-no exad-sticky-section-no\" data-id=\"c3646f9\" data-element_type=\"column\">\n\t\t\t<div class=\"elementor-widget-wrap elementor-element-populated\">\n\t\t\t\t\t\t<div class=\"elementor-element elementor-element-5030b22 elementor-widget__width-auto elementor-icon-list--layout-traditional elementor-list-item-link-full_width exad-sticky-section-no exad-glass-effect-no elementor-widget elementor-widget-icon-list\" data-id=\"5030b22\" data-element_type=\"widget\" data-widget_type=\"icon-list.default\">\n\t\t\t\t<div class=\"elementor-widget-container\">\n\t\t\t\t\t<ul class=\"elementor-icon-list-items\">\n\t\t\t\t\t\t\t<li class=\"elementor-icon-list-item\">\n\t\t\t\t\t\t\t\t\t\t\t<a href=\"#\">\n\n\t\t\t\t\t\t\t\t\t\t\t<span class=\"elementor-icon-list-text\">Home <\/span>\n\t\t\t\t\t\t\t\t\t\t\t<\/a>\n\t\t\t\t\t\t\t\t\t<\/li>\n\t\t\t\t\t\t<\/ul>\n\t\t\t\t<\/div>\n\t\t\t\t<\/div>\n\t\t\t\t<div class=\"elementor-element elementor-element-c32b9aa elementor-widget__width-auto exad-sticky-section-no exad-glass-effect-no elementor-widget elementor-widget-heading\" data-id=\"c32b9aa\" data-element_type=\"widget\" data-widget_type=\"heading.default\">\n\t\t\t\t<div class=\"elementor-widget-container\">\n\t\t\t<h6 class=\"elementor-heading-title elementor-size-default\">\/<\/h6>\t\t<\/div>\n\t\t\t\t<\/div>\n\t\t\t\t<div class=\"elementor-element elementor-element-c8ed14b elementor-widget__width-auto elementor-icon-list--layout-traditional elementor-list-item-link-full_width exad-sticky-section-no exad-glass-effect-no elementor-widget elementor-widget-icon-list\" data-id=\"c8ed14b\" data-element_type=\"widget\" data-widget_type=\"icon-list.default\">\n\t\t\t\t<div class=\"elementor-widget-container\">\n\t\t\t\t\t<ul class=\"elementor-icon-list-items\">\n\t\t\t\t\t\t\t<li class=\"elementor-icon-list-item\">\n\t\t\t\t\t\t\t\t\t\t\t<a href=\"https:\/\/stratisrl.com\/pt\/coating-plates\/\">\n\n\t\t\t\t\t\t\t\t\t\t\t<span class=\"elementor-icon-list-text\">Coating Plates<\/span>\n\t\t\t\t\t\t\t\t\t\t\t<\/a>\n\t\t\t\t\t\t\t\t\t<\/li>\n\t\t\t\t\t\t<\/ul>\n\t\t\t\t<\/div>\n\t\t\t\t<\/div>\n\t\t\t\t<div class=\"elementor-element elementor-element-fb04e3e exad-sticky-section-no exad-glass-effect-no elementor-widget elementor-widget-heading\" data-id=\"fb04e3e\" data-element_type=\"widget\" data-widget_type=\"heading.default\">\n\t\t\t\t<div class=\"elementor-widget-container\">\n\t\t\t<h1 class=\"elementor-heading-title elementor-size-default\">Coating Plates<\/h1>\t\t<\/div>\n\t\t\t\t<\/div>\n\t\t\t\t\t<\/div>\n\t\t<\/div>\n\t\t\t\t\t<\/div>\n\t\t<\/section>\n\t\t\t\t<section class=\"elementor-section elementor-top-section elementor-element elementor-element-90dec2e elementor-section-boxed elementor-section-height-default elementor-section-height-default exad-glass-effect-no wpr-particle-no wpr-jarallax-no wpr-parallax-no wpr-sticky-section-no exad-sticky-section-no\" data-id=\"90dec2e\" data-element_type=\"section\">\n\t\t\t\t\t\t<div class=\"elementor-container elementor-column-gap-default\">\n\t\t\t\t\t<div class=\"elementor-column elementor-col-33 elementor-top-column elementor-element elementor-element-5af995a exad-glass-effect-no exad-sticky-section-no\" data-id=\"5af995a\" data-element_type=\"column\">\n\t\t\t<div class=\"elementor-widget-wrap elementor-element-populated\">\n\t\t\t\t\t\t<section class=\"elementor-section elementor-inner-section elementor-element elementor-element-abd052c elementor-section-full_width elementor-section-height-default elementor-section-height-default exad-glass-effect-no wpr-particle-no wpr-jarallax-no wpr-parallax-no wpr-sticky-section-no exad-sticky-section-no\" data-id=\"abd052c\" data-element_type=\"section\" data-settings=\"{&quot;background_background&quot;:&quot;classic&quot;}\">\n\t\t\t\t\t\t<div class=\"elementor-container elementor-column-gap-default\">\n\t\t\t\t\t<div class=\"elementor-column elementor-col-100 elementor-inner-column elementor-element elementor-element-ed86b83 exad-glass-effect-no exad-sticky-section-no\" data-id=\"ed86b83\" data-element_type=\"column\">\n\t\t\t<div class=\"elementor-widget-wrap elementor-element-populated\">\n\t\t\t\t\t\t<div class=\"elementor-element elementor-element-d2c6832 exad-sticky-section-no exad-glass-effect-no elementor-widget elementor-widget-heading\" data-id=\"d2c6832\" data-element_type=\"widget\" data-widget_type=\"heading.default\">\n\t\t\t\t<div class=\"elementor-widget-container\">\n\t\t\t<h3 class=\"elementor-heading-title elementor-size-default\">Produtos<\/h3>\t\t<\/div>\n\t\t\t\t<\/div>\n\t\t\t\t<div class=\"elementor-element elementor-element-43ad58f wpr-page-list-vertical wpr-pl-badge-center wpr-pl-icon-center exad-sticky-section-no exad-glass-effect-no elementor-widget elementor-widget-wpr-page-list\" data-id=\"43ad58f\" data-element_type=\"widget\" data-widget_type=\"wpr-page-list.default\">\n\t\t\t\t<div class=\"elementor-widget-container\">\n\t\t\t<div class=\"wpr-page-list-wrap\"><ul class=\"wpr-page-list\"><li class=\"wpr-page-list-item elementor-repeater-item-7ab676a wpr-pointer-none wpr-pointer-line-fx wpr-pointer-fx-fade\"><span class=\"wpr-page-list-item-icon\"><i aria-hidden=\"true\" class=\"remixicon ri-arrow-right-s-line\"><\/i><\/span><div><a  href=\"https:\/\/stratisrl.com\/pt\/printing-blankets\/\" rel=\"nofollow\" class=\"wpr-no-pointer wpr-pl-title\">Blanquetas<\/a><\/div><\/li><\/ul><\/div>\t\t<\/div>\n\t\t\t\t<\/div>\n\t\t\t\t<div class=\"elementor-element elementor-element-404313a wpr-page-list-vertical wpr-pl-badge-center wpr-pl-icon-center exad-sticky-section-no exad-glass-effect-no elementor-widget elementor-widget-wpr-page-list\" data-id=\"404313a\" data-element_type=\"widget\" data-widget_type=\"wpr-page-list.default\">\n\t\t\t\t<div class=\"elementor-widget-container\">\n\t\t\t<div class=\"wpr-page-list-wrap\"><ul class=\"wpr-page-list\"><li class=\"wpr-page-list-item elementor-repeater-item-7ab676a wpr-pointer-none wpr-pointer-line-fx wpr-pointer-fx-fade\"><span class=\"wpr-page-list-item-icon\"><i aria-hidden=\"true\" class=\"remixicon ri-arrow-right-s-line\"><\/i><\/span><div><a  href=\"https:\/\/stratisrl.com\/pt\/coating-plates\/\" rel=\"nofollow\" class=\"wpr-no-pointer wpr-pl-title\">Coating Plates<\/a><\/div><\/li><\/ul><\/div>\t\t<\/div>\n\t\t\t\t<\/div>\n\t\t\t\t<div class=\"elementor-element elementor-element-a51f3b4 wpr-page-list-vertical wpr-pl-badge-center wpr-pl-icon-center exad-sticky-section-no exad-glass-effect-no elementor-widget elementor-widget-wpr-page-list\" data-id=\"a51f3b4\" data-element_type=\"widget\" data-widget_type=\"wpr-page-list.default\">\n\t\t\t\t<div class=\"elementor-widget-container\">\n\t\t\t<div class=\"wpr-page-list-wrap\"><ul class=\"wpr-page-list\"><li class=\"wpr-page-list-item elementor-repeater-item-7ab676a wpr-pointer-none wpr-pointer-line-fx wpr-pointer-fx-fade\"><span class=\"wpr-page-list-item-icon\"><i aria-hidden=\"true\" class=\"remixicon ri-arrow-right-s-line\"><\/i><\/span><div><a  href=\"https:\/\/stratisrl.com\/pt\/dry-offset\/\" rel=\"nofollow\" class=\"wpr-no-pointer wpr-pl-title\">Dry offset<\/a><\/div><\/li><\/ul><\/div>\t\t<\/div>\n\t\t\t\t<\/div>\n\t\t\t\t<div class=\"elementor-element elementor-element-eda7561 wpr-page-list-vertical wpr-pl-badge-center wpr-pl-icon-center exad-sticky-section-no exad-glass-effect-no elementor-widget elementor-widget-wpr-page-list\" data-id=\"eda7561\" data-element_type=\"widget\" data-widget_type=\"wpr-page-list.default\">\n\t\t\t\t<div class=\"elementor-widget-container\">\n\t\t\t<div class=\"wpr-page-list-wrap\"><ul class=\"wpr-page-list\"><li class=\"wpr-page-list-item elementor-repeater-item-7ab676a wpr-pointer-none wpr-pointer-line-fx wpr-pointer-fx-fade\"><span class=\"wpr-page-list-item-icon\"><i aria-hidden=\"true\" class=\"remixicon ri-arrow-right-s-line\"><\/i><\/span><div><a  href=\"https:\/\/stratisrl.com\/pt\/underpacking-materials\/\" rel=\"nofollow\" class=\"wpr-no-pointer wpr-pl-title\">Underpacking Materials<\/a><\/div><\/li><\/ul><\/div>\t\t<\/div>\n\t\t\t\t<\/div>\n\t\t\t\t<div class=\"elementor-element elementor-element-ba52faf wpr-page-list-vertical wpr-pl-badge-center wpr-pl-icon-center exad-sticky-section-no exad-glass-effect-no elementor-widget elementor-widget-wpr-page-list\" data-id=\"ba52faf\" data-element_type=\"widget\" data-widget_type=\"wpr-page-list.default\">\n\t\t\t\t<div class=\"elementor-widget-container\">\n\t\t\t<div class=\"wpr-page-list-wrap\"><ul class=\"wpr-page-list\"><li class=\"wpr-page-list-item elementor-repeater-item-7ab676a wpr-pointer-none wpr-pointer-line-fx wpr-pointer-fx-fade\"><span class=\"wpr-page-list-item-icon\"><i aria-hidden=\"true\" class=\"remixicon ri-arrow-right-s-line\"><\/i><\/span><div><a  href=\"https:\/\/stratisrl.com\/pt\/other-products\/\" target=\"_blank\" rel=\"nofollow\" class=\"wpr-no-pointer wpr-pl-title\">Outros Produtos<\/a><\/div><\/li><\/ul><\/div>\t\t<\/div>\n\t\t\t\t<\/div>\n\t\t\t\t<div class=\"elementor-element elementor-element-1b0450a wpr-page-list-vertical wpr-pl-badge-center wpr-pl-icon-center exad-sticky-section-no exad-glass-effect-no elementor-widget elementor-widget-wpr-page-list\" data-id=\"1b0450a\" data-element_type=\"widget\" data-widget_type=\"wpr-page-list.default\">\n\t\t\t\t<div class=\"elementor-widget-container\">\n\t\t\t<div class=\"wpr-page-list-wrap\"><ul class=\"wpr-page-list\"><li class=\"wpr-page-list-item elementor-repeater-item-7ab676a wpr-pointer-none wpr-pointer-line-fx wpr-pointer-fx-fade\"><span class=\"wpr-page-list-item-icon\"><i aria-hidden=\"true\" class=\"remixicon ri-arrow-right-s-line\"><\/i><\/span><div><a  href=\"https:\/\/stratisrl.com\/wp-content\/uploads\/2024\/10\/Catalog_Strati.pdf\" target=\"_blank\" rel=\"nofollow\" class=\"wpr-no-pointer wpr-pl-title\">Fichas T\u00e9cnicas<\/a><\/div><\/li><\/ul><\/div>\t\t<\/div>\n\t\t\t\t<\/div>\n\t\t\t\t\t<\/div>\n\t\t<\/div>\n\t\t\t\t\t<\/div>\n\t\t<\/section>\n\t\t\t\t<section class=\"elementor-section elementor-inner-section elementor-element elementor-element-ff0e1a0 elementor-section-full_width elementor-section-height-default elementor-section-height-default exad-glass-effect-no wpr-particle-no wpr-jarallax-no wpr-parallax-no wpr-sticky-section-no exad-sticky-section-no\" data-id=\"ff0e1a0\" data-element_type=\"section\" data-settings=\"{&quot;background_background&quot;:&quot;classic&quot;}\">\n\t\t\t\t\t\t\t<div class=\"elementor-background-overlay\"><\/div>\n\t\t\t\t\t\t\t<div class=\"elementor-container elementor-column-gap-default\">\n\t\t\t\t\t<div class=\"elementor-column elementor-col-100 elementor-inner-column elementor-element elementor-element-32bbbfc exad-glass-effect-no exad-sticky-section-no\" data-id=\"32bbbfc\" data-element_type=\"column\">\n\t\t\t<div class=\"elementor-widget-wrap elementor-element-populated\">\n\t\t\t\t\t\t<div class=\"elementor-element elementor-element-e2ab825 elementor-view-framed elementor-shape-circle exad-sticky-section-no exad-glass-effect-no elementor-widget elementor-widget-icon\" data-id=\"e2ab825\" data-element_type=\"widget\" data-widget_type=\"icon.default\">\n\t\t\t\t<div class=\"elementor-widget-container\">\n\t\t\t\t\t<div class=\"elementor-icon-wrapper\">\n\t\t\t<div class=\"elementor-icon\">\n\t\t\t<i aria-hidden=\"true\" class=\"feather icon-mail\"><\/i>\t\t\t<\/div>\n\t\t<\/div>\n\t\t\t\t<\/div>\n\t\t\t\t<\/div>\n\t\t\t\t<div class=\"elementor-element elementor-element-f975625 exad-sticky-section-no exad-glass-effect-no elementor-widget elementor-widget-heading\" data-id=\"f975625\" data-element_type=\"widget\" data-widget_type=\"heading.default\">\n\t\t\t\t<div class=\"elementor-widget-container\">\n\t\t\t<h3 class=\"elementor-heading-title elementor-size-default\">Contato<\/h3>\t\t<\/div>\n\t\t\t\t<\/div>\n\t\t\t\t<div class=\"elementor-element elementor-element-3052c05 exad-sticky-section-no exad-glass-effect-no elementor-widget elementor-widget-heading\" data-id=\"3052c05\" data-element_type=\"widget\" data-widget_type=\"heading.default\">\n\t\t\t\t<div class=\"elementor-widget-container\">\n\t\t\t<h4 class=\"elementor-heading-title elementor-size-default\">info@stratisrl.com<\/h4>\t\t<\/div>\n\t\t\t\t<\/div>\n\t\t\t\t\t<\/div>\n\t\t<\/div>\n\t\t\t\t\t<\/div>\n\t\t<\/section>\n\t\t\t\t\t<\/div>\n\t\t<\/div>\n\t\t\t\t<div class=\"elementor-column elementor-col-66 elementor-top-column elementor-element elementor-element-685cb6a exad-glass-effect-no exad-sticky-section-no\" data-id=\"685cb6a\" data-element_type=\"column\">\n\t\t\t<div class=\"elementor-widget-wrap elementor-element-populated\">\n\t\t\t\t\t\t<div class=\"elementor-element elementor-element-37b2bfa exad-sticky-section-no exad-glass-effect-no elementor-widget elementor-widget-image\" data-id=\"37b2bfa\" data-element_type=\"widget\" data-widget_type=\"image.default\">\n\t\t\t\t<div class=\"elementor-widget-container\">\n\t\t\t\t\t\t\t\t\t\t\t\t\t<img fetchpriority=\"high\" decoding=\"async\" width=\"1540\" height=\"946\" src=\"https:\/\/stratisrl.com\/wp-content\/uploads\/2024\/10\/coating-plates-page.jpg\" class=\"attachment-full size-full wp-image-451\" alt=\"\" srcset=\"https:\/\/stratisrl.com\/wp-content\/uploads\/2024\/10\/coating-plates-page.jpg 1540w, https:\/\/stratisrl.com\/wp-content\/uploads\/2024\/10\/coating-plates-page-300x184.jpg 300w, https:\/\/stratisrl.com\/wp-content\/uploads\/2024\/10\/coating-plates-page-1024x629.jpg 1024w, https:\/\/stratisrl.com\/wp-content\/uploads\/2024\/10\/coating-plates-page-768x472.jpg 768w, https:\/\/stratisrl.com\/wp-content\/uploads\/2024\/10\/coating-plates-page-1536x944.jpg 1536w\" sizes=\"(max-width: 1540px) 100vw, 1540px\" \/>\t\t\t\t\t\t\t\t\t\t\t\t\t<\/div>\n\t\t\t\t<\/div>\n\t\t\t\t<div class=\"elementor-element elementor-element-49c2a62 exad-sticky-section-no exad-glass-effect-no elementor-widget elementor-widget-heading\" data-id=\"49c2a62\" data-element_type=\"widget\" data-widget_type=\"heading.default\">\n\t\t\t\t<div class=\"elementor-widget-container\">\n\t\t\t<h4 class=\"elementor-heading-title elementor-size-default\">Coating Plates<\/h4>\t\t<\/div>\n\t\t\t\t<\/div>\n\t\t\t\t<div class=\"elementor-element elementor-element-1e4c6b3 exad-sticky-section-no exad-glass-effect-no elementor-widget elementor-widget-elementskit-accordion\" data-id=\"1e4c6b3\" data-element_type=\"widget\" data-widget_type=\"elementskit-accordion.default\">\n\t\t\t\t<div class=\"elementor-widget-container\">\n\t\t\t<div class=\"ekit-wid-con\" >\n        <div class=\"elementskit-accordion accoedion-primary\" id=\"accordion-69dff59a19e21\">\n\n            \n                <div class=\"elementskit-card active\">\n                    <div class=\"elementskit-card-header\" id=\"primaryHeading-0-1e4c6b3\">\n                        <a href=\"#collapse-d35d79369dff59a19e21\" class=\"ekit-accordion--toggler elementskit-btn-link collapsed\" data-ekit-toggle=\"collapse\" data-target=\"#Collapse-d35d79369dff59a19e21\" aria-expanded=\"true\" aria-controls=\"Collapse-d35d79369dff59a19e21\">\n                            \n                            <span class=\"ekit-accordion-title\">Strati Azzurro<\/span>\n\n                            \n                                <div class=\"ekit_accordion_icon_group\">\n                                    <div class=\"ekit_accordion_normal_icon\">\n                                        <!-- Normal Icon -->\n\t\t\t\t\t\t\t\t\t\t<i class=\"icon icon-up-arrow1\"><\/i>                                    <\/div>\n\n                                    <div class=\"ekit_accordion_active_icon\">\n                                        <!-- Active Icon -->\n\t\t\t\t\t\t\t\t\t\t<i class=\"icon icon-down-arrow1\"><\/i>                                    <\/div>\n                                <\/div>\n\n                            \n                                                    <\/a>\n                    <\/div>\n\n                    <div id=\"Collapse-d35d79369dff59a19e21\" class=\"show collapse\" aria-labelledby=\"primaryHeading-0-1e4c6b3\" data-parent=\"#accordion-69dff59a19e21\">\n\n                        <div class=\"elementskit-card-body ekit-accordion--content\">\n                            <p>A Strati Azzurro \u00e9 uma manta premium \u00e0 base de poli\u00e9ster TUDO EM UM, projetada para aplica\u00e7\u00f5es duradouras com vernizes \u00e0 base de \u00e1gua e UV. Ideal para acabamentos brilhantes, foscos e Soft Touch, a Strati Azzurro oferece transfer\u00eancia de verniz otimizada e resist\u00eancia superior, tornando-a perfeita para uma ampla gama de aplica\u00e7\u00f5es, incluindo embalagens de alimentos.<\/p><p><strong>Caracter\u00edsticas<\/strong><\/p><ul><li>Zero ac\u00famulo de tinta, garantindo alta qualidade de produ\u00e7\u00e3o.<\/li><li>F\u00e1cil propriedade de corte e remo\u00e7\u00e3o, tanto para corte manual quanto para uso em plotter CAD.<\/li><li>Superf\u00edcie lisa para transfer\u00eancia eficiente de vernizes \u00e0 base de \u00e1gua e UV.<\/li><li>Resist\u00eancia superior \u00e0 delamina\u00e7\u00e3o, mesmo em longas tiragens com verniz UV.<\/li><li>Corte bidirecional, permitindo f\u00e1cil manuseio em diversas dire\u00e7\u00f5es.<\/li><li>Adequado para embalagens de alimentos, atendendo a rigorosos padr\u00f5es de seguran\u00e7a.<\/li><\/ul><p><strong>Strati Azzurro<\/strong> \u00e9 a escolha ideal para quem busca desempenho superior e versatilidade em aplica\u00e7\u00f5es de revestimento de alta qualidade, com excelente durabilidade e corte preciso.<\/p><p><a href=\"https:\/\/stratisrl.com\/wp-content\/uploads\/2024\/11\/azurro.pdf\" target=\"_blank\" rel=\"noopener\"> Fichas T\u00e9cnicas <\/a><\/p>                        <\/div>\n\n                    <\/div>\n\n                <\/div><!-- .elementskit-card END -->\n\n                \n                <div class=\"elementskit-card\">\n                    <div class=\"elementskit-card-header\" id=\"primaryHeading-1-1e4c6b3\">\n                        <a href=\"#collapse-0dcff9f69dff59a19e21\" class=\"ekit-accordion--toggler elementskit-btn-link collapsed\" data-ekit-toggle=\"collapse\" data-target=\"#Collapse-0dcff9f69dff59a19e21\" aria-expanded=\"false\" aria-controls=\"Collapse-0dcff9f69dff59a19e21\">\n                            \n                            <span class=\"ekit-accordion-title\">Strati Grigio<\/span>\n\n                            \n                                <div class=\"ekit_accordion_icon_group\">\n                                    <div class=\"ekit_accordion_normal_icon\">\n                                        <!-- Normal Icon -->\n\t\t\t\t\t\t\t\t\t\t<i class=\"icon icon-up-arrow1\"><\/i>                                    <\/div>\n\n                                    <div class=\"ekit_accordion_active_icon\">\n                                        <!-- Active Icon -->\n\t\t\t\t\t\t\t\t\t\t<i class=\"icon icon-down-arrow1\"><\/i>                                    <\/div>\n                                <\/div>\n\n                            \n                                                    <\/a>\n                    <\/div>\n\n                    <div id=\"Collapse-0dcff9f69dff59a19e21\" class=\"collapse\" aria-labelledby=\"primaryHeading-1-1e4c6b3\" data-parent=\"#accordion-69dff59a19e21\">\n\n                        <div class=\"elementskit-card-body ekit-accordion--content\">\n                            <p>A blanqueta Strati Grigio \u00e9 uma solu\u00e7\u00e3o avan\u00e7ada para aplica\u00e7\u00f5es de verniz, proporcionando alto desempenho em trabalhos repetitivos. Desenvolvida com tecnologia de ponta e sem o uso de solventes, \u00e9 compat\u00edvel com vernizes \u00e0 base de \u00e1gua e UV, tornando-a ideal para embalagens, especialmente aliment\u00edcias e farmac\u00eauticas, gra\u00e7as \u00e0 sua certifica\u00e7\u00e3o ISEGA, que garante o cumprimento das normas de higiene e seguran\u00e7a.<br \/><strong>Aplica\u00e7\u00f5es:<\/strong><br \/>Ideal para o setor editorial, embalagens e diversas impressoras planas. Esta blanqueta oferece registro preciso e f\u00e1cil decapagem, garantindo alta efici\u00eancia em impress\u00f5es de qualidade.<\/p><p><a href=\"https:\/\/stratisrl.com\/wp-content\/uploads\/2024\/11\/grigio.pdf\" target=\"_blank\" rel=\"noopener\"> Fichas T\u00e9cnicas <\/a><\/p>                        <\/div>\n\n                    <\/div>\n\n                <\/div><!-- .elementskit-card END -->\n\n                \n                <div class=\"elementskit-card\">\n                    <div class=\"elementskit-card-header\" id=\"primaryHeading-2-1e4c6b3\">\n                        <a href=\"#collapse-40c475669dff59a19e21\" class=\"ekit-accordion--toggler elementskit-btn-link collapsed\" data-ekit-toggle=\"collapse\" data-target=\"#Collapse-40c475669dff59a19e21\" aria-expanded=\"false\" aria-controls=\"Collapse-40c475669dff59a19e21\">\n                            \n                            <span class=\"ekit-accordion-title\">Strati Blu Coat<\/span>\n\n                            \n                                <div class=\"ekit_accordion_icon_group\">\n                                    <div class=\"ekit_accordion_normal_icon\">\n                                        <!-- Normal Icon -->\n\t\t\t\t\t\t\t\t\t\t<i class=\"icon icon-up-arrow1\"><\/i>                                    <\/div>\n\n                                    <div class=\"ekit_accordion_active_icon\">\n                                        <!-- Active Icon -->\n\t\t\t\t\t\t\t\t\t\t<i class=\"icon icon-down-arrow1\"><\/i>                                    <\/div>\n                                <\/div>\n\n                            \n                                                    <\/a>\n                    <\/div>\n\n                    <div id=\"Collapse-40c475669dff59a19e21\" class=\"collapse\" aria-labelledby=\"primaryHeading-2-1e4c6b3\" data-parent=\"#accordion-69dff59a19e21\">\n\n                        <div class=\"elementskit-card-body ekit-accordion--content\">\n                            A Strati Blu Coat \u00e9 uma blanqueta ecol\u00f3gica de alto desempenho, produzida com tecnologia sem solventes. Projetada para uma ampla gama de substratos e aplica\u00e7\u00f5es de verniz, oferece excelente resist\u00eancia em processos convencionais. Sua formula\u00e7\u00e3o garante alta durabilidade e excelente precis\u00e3o para impressoras planas, tornando-a ideal para o setor de embalagens. A Strati Blu Coat combina sustentabilidade com efici\u00eancia, tornando-se a escolha perfeita para quem busca um produto vers\u00e1til e ecol\u00f3gico com desempenho superior em aplica\u00e7\u00f5es de verniz.\n\n<a href=\"https:\/\/stratisrl.com\/wp-content\/uploads\/2024\/11\/blu_coat.pdf\" target=\"_blank\" rel=\"noopener\"> Fichas T\u00e9cnicas<\/a>                        <\/div>\n\n                    <\/div>\n\n                <\/div><!-- .elementskit-card END -->\n\n                                        <\/div>\n    <\/div>\t\t<\/div>\n\t\t\t\t<\/div>\n\t\t\t\t\t<\/div>\n\t\t<\/div>\n\t\t\t\t\t<\/div>\n\t\t<\/section>\n\t\t\t\t<\/div>","protected":false},"excerpt":{"rendered":"<p>Home \/ Coating Plates Coating Plates Products Printing Blankets Coating Plates Dry offset Underpacking Materials Other Products Technical Data Sheets Contact info@stratisrl.com Coating Plates Strati Azzurro The Strati Azzurro is a premium ALL IN ONE polyester-based blanket, designed for long-lasting applications with both water-based and UV varnishes. Ideal for gloss, matte, and Soft Touch finishes, Strati Azzurro offers optimized varnish transfer and superior resistance, making it perfect for a wide range of applications, including food packaging. Product Features: Zero ink buildup, ensuring high production quality. Easy cutting and removal properties, both for manual cutting and CAD plotter use. Smooth surface for efficient transfer of water-based and UV varnishes. Superior delamination resistance, even in long runs with UV varnish. Bidirectional cutting, allowing for easy handling in various directions. Suitable for food packaging, meeting strict safety standards. Strati Azzurro is the ideal choice for those seeking superior performance and versatility in high-quality coating applications, with excellent durability and precision cutting. Technical Data Sheets Strati Grigio The Strati Grigio blanket is an advanced solution for varnish applications, providing high performance in repetitive jobs. Developed with cutting-edge technology and without the use of solvents, it is compatible with water-based and UV varnishes, making it ideal for packaging\u2014especially food and pharmaceutical packaging, thanks to its ISEGA certification, ensuring compliance with hygiene and safety regulations.Applications:Ideal for the editorial sector, packaging, and various flatbed printers. This blanket offers precise registration and easy stripping, ensuring high efficiency in quality printing. Technical Data Sheets Strati Blu Coat The Strati Blu Coat is an eco-friendly high-performance blanket, produced using zero-solvent technology. Designed for a wide range of substrates and varnish applications, it offers excellent resistance in conventional processes. Its formulation ensures high durability, and excellent precision for flatbed printers, making it ideal for the packaging sector. The Strati Blu Coat combines sustainability with efficiency, making it the perfect choice for those seeking a versatile and eco-friendly product with superior performance in varnish applications. Technical Data Sheets<\/p>","protected":false},"author":1,"featured_media":0,"parent":0,"menu_order":0,"comment_status":"closed","ping_status":"closed","template":"elementor_header_footer","meta":{"footnotes":""},"class_list":["post-407","page","type-page","status-publish","hentry"],"_links":{"self":[{"href":"https:\/\/stratisrl.com\/pt\/wp-json\/wp\/v2\/pages\/407","targetHints":{"allow":["GET"]}}],"collection":[{"href":"https:\/\/stratisrl.com\/pt\/wp-json\/wp\/v2\/pages"}],"about":[{"href":"https:\/\/stratisrl.com\/pt\/wp-json\/wp\/v2\/types\/page"}],"author":[{"embeddable":true,"href":"https:\/\/stratisrl.com\/pt\/wp-json\/wp\/v2\/users\/1"}],"replies":[{"embeddable":true,"href":"https:\/\/stratisrl.com\/pt\/wp-json\/wp\/v2\/comments?post=407"}],"version-history":[{"count":34,"href":"https:\/\/stratisrl.com\/pt\/wp-json\/wp\/v2\/pages\/407\/revisions"}],"predecessor-version":[{"id":784,"href":"https:\/\/stratisrl.com\/pt\/wp-json\/wp\/v2\/pages\/407\/revisions\/784"}],"wp:attachment":[{"href":"https:\/\/stratisrl.com\/pt\/wp-json\/wp\/v2\/media?parent=407"}],"curies":[{"name":"wp","href":"https:\/\/api.w.org\/{rel}","templated":true}]}}