{"id":409,"date":"2024-10-18T03:03:24","date_gmt":"2024-10-18T03:03:24","guid":{"rendered":"https:\/\/stratisrl.com\/?page_id=409"},"modified":"2026-03-21T22:07:58","modified_gmt":"2026-03-21T22:07:58","slug":"dry-offset","status":"publish","type":"page","link":"https:\/\/stratisrl.com\/pt\/dry-offset\/","title":{"rendered":"Dry offset"},"content":{"rendered":"<div data-elementor-type=\"wp-page\" data-elementor-id=\"409\" class=\"elementor elementor-409\">\n\t\t\t\t\t\t<section class=\"elementor-section elementor-top-section elementor-element elementor-element-347d881 elementor-section-boxed elementor-section-height-default elementor-section-height-default exad-glass-effect-no wpr-particle-no wpr-jarallax-no wpr-parallax-no wpr-sticky-section-no exad-sticky-section-no\" data-id=\"347d881\" data-element_type=\"section\" data-settings=\"{&quot;background_background&quot;:&quot;classic&quot;}\">\n\t\t\t\t\t\t\t<div class=\"elementor-background-overlay\"><\/div>\n\t\t\t\t\t\t\t<div class=\"elementor-container elementor-column-gap-default\">\n\t\t\t\t\t<div class=\"elementor-column elementor-col-100 elementor-top-column elementor-element elementor-element-9025711 exad-glass-effect-no exad-sticky-section-no\" data-id=\"9025711\" data-element_type=\"column\">\n\t\t\t<div class=\"elementor-widget-wrap elementor-element-populated\">\n\t\t\t\t\t\t<div class=\"elementor-element elementor-element-8f0a545 elementor-widget__width-auto elementor-icon-list--layout-traditional elementor-list-item-link-full_width exad-sticky-section-no exad-glass-effect-no elementor-widget elementor-widget-icon-list\" data-id=\"8f0a545\" data-element_type=\"widget\" data-widget_type=\"icon-list.default\">\n\t\t\t\t<div class=\"elementor-widget-container\">\n\t\t\t\t\t<ul class=\"elementor-icon-list-items\">\n\t\t\t\t\t\t\t<li class=\"elementor-icon-list-item\">\n\t\t\t\t\t\t\t\t\t\t\t<a href=\"#\">\n\n\t\t\t\t\t\t\t\t\t\t\t<span class=\"elementor-icon-list-text\">Home <\/span>\n\t\t\t\t\t\t\t\t\t\t\t<\/a>\n\t\t\t\t\t\t\t\t\t<\/li>\n\t\t\t\t\t\t<\/ul>\n\t\t\t\t<\/div>\n\t\t\t\t<\/div>\n\t\t\t\t<div class=\"elementor-element elementor-element-a1b7797 elementor-widget__width-auto exad-sticky-section-no exad-glass-effect-no elementor-widget elementor-widget-heading\" data-id=\"a1b7797\" data-element_type=\"widget\" data-widget_type=\"heading.default\">\n\t\t\t\t<div class=\"elementor-widget-container\">\n\t\t\t<h6 class=\"elementor-heading-title elementor-size-default\">\/<\/h6>\t\t<\/div>\n\t\t\t\t<\/div>\n\t\t\t\t<div class=\"elementor-element elementor-element-548caef elementor-widget__width-auto elementor-icon-list--layout-traditional elementor-list-item-link-full_width exad-sticky-section-no exad-glass-effect-no elementor-widget elementor-widget-icon-list\" data-id=\"548caef\" data-element_type=\"widget\" data-widget_type=\"icon-list.default\">\n\t\t\t\t<div class=\"elementor-widget-container\">\n\t\t\t\t\t<ul class=\"elementor-icon-list-items\">\n\t\t\t\t\t\t\t<li class=\"elementor-icon-list-item\">\n\t\t\t\t\t\t\t\t\t\t\t<a href=\"https:\/\/stratisrl.com\/pt\/dry-offset\/\">\n\n\t\t\t\t\t\t\t\t\t\t\t<span class=\"elementor-icon-list-text\">Dry offset<\/span>\n\t\t\t\t\t\t\t\t\t\t\t<\/a>\n\t\t\t\t\t\t\t\t\t<\/li>\n\t\t\t\t\t\t<\/ul>\n\t\t\t\t<\/div>\n\t\t\t\t<\/div>\n\t\t\t\t<div class=\"elementor-element elementor-element-3ac8ff9 exad-sticky-section-no exad-glass-effect-no elementor-widget elementor-widget-heading\" data-id=\"3ac8ff9\" data-element_type=\"widget\" data-widget_type=\"heading.default\">\n\t\t\t\t<div class=\"elementor-widget-container\">\n\t\t\t<h1 class=\"elementor-heading-title elementor-size-default\">Dry offset<\/h1>\t\t<\/div>\n\t\t\t\t<\/div>\n\t\t\t\t\t<\/div>\n\t\t<\/div>\n\t\t\t\t\t<\/div>\n\t\t<\/section>\n\t\t\t\t<section class=\"elementor-section elementor-top-section elementor-element elementor-element-865d97e elementor-section-boxed elementor-section-height-default elementor-section-height-default exad-glass-effect-no wpr-particle-no wpr-jarallax-no wpr-parallax-no wpr-sticky-section-no exad-sticky-section-no\" data-id=\"865d97e\" data-element_type=\"section\">\n\t\t\t\t\t\t<div class=\"elementor-container elementor-column-gap-default\">\n\t\t\t\t\t<div class=\"elementor-column elementor-col-33 elementor-top-column elementor-element elementor-element-890f508 exad-glass-effect-no exad-sticky-section-no\" data-id=\"890f508\" data-element_type=\"column\">\n\t\t\t<div class=\"elementor-widget-wrap elementor-element-populated\">\n\t\t\t\t\t\t<section class=\"elementor-section elementor-inner-section elementor-element elementor-element-574820b elementor-section-full_width elementor-section-height-default elementor-section-height-default exad-glass-effect-no wpr-particle-no wpr-jarallax-no wpr-parallax-no wpr-sticky-section-no exad-sticky-section-no\" data-id=\"574820b\" data-element_type=\"section\" data-settings=\"{&quot;background_background&quot;:&quot;classic&quot;}\">\n\t\t\t\t\t\t<div class=\"elementor-container elementor-column-gap-default\">\n\t\t\t\t\t<div class=\"elementor-column elementor-col-100 elementor-inner-column elementor-element elementor-element-74fb775 exad-glass-effect-no exad-sticky-section-no\" data-id=\"74fb775\" data-element_type=\"column\">\n\t\t\t<div class=\"elementor-widget-wrap elementor-element-populated\">\n\t\t\t\t\t\t<div class=\"elementor-element elementor-element-7b8868b exad-sticky-section-no exad-glass-effect-no elementor-widget elementor-widget-heading\" data-id=\"7b8868b\" data-element_type=\"widget\" data-widget_type=\"heading.default\">\n\t\t\t\t<div class=\"elementor-widget-container\">\n\t\t\t<h3 class=\"elementor-heading-title elementor-size-default\">Produtos<\/h3>\t\t<\/div>\n\t\t\t\t<\/div>\n\t\t\t\t<div class=\"elementor-element elementor-element-8852030 wpr-page-list-vertical wpr-pl-badge-center wpr-pl-icon-center exad-sticky-section-no exad-glass-effect-no elementor-widget elementor-widget-wpr-page-list\" data-id=\"8852030\" data-element_type=\"widget\" data-widget_type=\"wpr-page-list.default\">\n\t\t\t\t<div class=\"elementor-widget-container\">\n\t\t\t<div class=\"wpr-page-list-wrap\"><ul class=\"wpr-page-list\"><li class=\"wpr-page-list-item elementor-repeater-item-7ab676a wpr-pointer-none wpr-pointer-line-fx wpr-pointer-fx-fade\"><span class=\"wpr-page-list-item-icon\"><i aria-hidden=\"true\" class=\"remixicon ri-arrow-right-s-line\"><\/i><\/span><div><a  href=\"https:\/\/stratisrl.com\/pt\/printing-blankets\/\" rel=\"nofollow\" class=\"wpr-no-pointer wpr-pl-title\">Blanquetas<\/a><\/div><\/li><\/ul><\/div>\t\t<\/div>\n\t\t\t\t<\/div>\n\t\t\t\t<div class=\"elementor-element elementor-element-3052bb8 wpr-page-list-vertical wpr-pl-badge-center wpr-pl-icon-center exad-sticky-section-no exad-glass-effect-no elementor-widget elementor-widget-wpr-page-list\" data-id=\"3052bb8\" data-element_type=\"widget\" data-widget_type=\"wpr-page-list.default\">\n\t\t\t\t<div class=\"elementor-widget-container\">\n\t\t\t<div class=\"wpr-page-list-wrap\"><ul class=\"wpr-page-list\"><li class=\"wpr-page-list-item elementor-repeater-item-7ab676a wpr-pointer-none wpr-pointer-line-fx wpr-pointer-fx-fade\"><span class=\"wpr-page-list-item-icon\"><i aria-hidden=\"true\" class=\"remixicon ri-arrow-right-s-line\"><\/i><\/span><div><a  href=\"https:\/\/stratisrl.com\/pt\/coating-plates\/\" rel=\"nofollow\" class=\"wpr-no-pointer wpr-pl-title\">Coating Plates<\/a><\/div><\/li><\/ul><\/div>\t\t<\/div>\n\t\t\t\t<\/div>\n\t\t\t\t<div class=\"elementor-element elementor-element-b957200 wpr-page-list-vertical wpr-pl-badge-center wpr-pl-icon-center exad-sticky-section-no exad-glass-effect-no elementor-widget elementor-widget-wpr-page-list\" data-id=\"b957200\" data-element_type=\"widget\" data-widget_type=\"wpr-page-list.default\">\n\t\t\t\t<div class=\"elementor-widget-container\">\n\t\t\t<div class=\"wpr-page-list-wrap\"><ul class=\"wpr-page-list\"><li class=\"wpr-page-list-item elementor-repeater-item-7ab676a wpr-pointer-none wpr-pointer-line-fx wpr-pointer-fx-fade\"><span class=\"wpr-page-list-item-icon\"><i aria-hidden=\"true\" class=\"remixicon ri-arrow-right-s-line\"><\/i><\/span><div><a  href=\"https:\/\/stratisrl.com\/pt\/dry-offset\/\" rel=\"nofollow\" class=\"wpr-no-pointer wpr-pl-title\">Dry offset<\/a><\/div><\/li><\/ul><\/div>\t\t<\/div>\n\t\t\t\t<\/div>\n\t\t\t\t<div class=\"elementor-element elementor-element-85ecdc1 wpr-page-list-vertical wpr-pl-badge-center wpr-pl-icon-center exad-sticky-section-no exad-glass-effect-no elementor-widget elementor-widget-wpr-page-list\" data-id=\"85ecdc1\" data-element_type=\"widget\" data-widget_type=\"wpr-page-list.default\">\n\t\t\t\t<div class=\"elementor-widget-container\">\n\t\t\t<div class=\"wpr-page-list-wrap\"><ul class=\"wpr-page-list\"><li class=\"wpr-page-list-item elementor-repeater-item-7ab676a wpr-pointer-none wpr-pointer-line-fx wpr-pointer-fx-fade\"><span class=\"wpr-page-list-item-icon\"><i aria-hidden=\"true\" class=\"remixicon ri-arrow-right-s-line\"><\/i><\/span><div><a  href=\"https:\/\/stratisrl.com\/pt\/underpacking-materials\/\" rel=\"nofollow\" class=\"wpr-no-pointer wpr-pl-title\">Underpacking Materials<\/a><\/div><\/li><\/ul><\/div>\t\t<\/div>\n\t\t\t\t<\/div>\n\t\t\t\t<div class=\"elementor-element elementor-element-3f0e441 wpr-page-list-vertical wpr-pl-badge-center wpr-pl-icon-center exad-sticky-section-no exad-glass-effect-no elementor-widget elementor-widget-wpr-page-list\" data-id=\"3f0e441\" data-element_type=\"widget\" data-widget_type=\"wpr-page-list.default\">\n\t\t\t\t<div class=\"elementor-widget-container\">\n\t\t\t<div class=\"wpr-page-list-wrap\"><ul class=\"wpr-page-list\"><li class=\"wpr-page-list-item elementor-repeater-item-7ab676a wpr-pointer-none wpr-pointer-line-fx wpr-pointer-fx-fade\"><span class=\"wpr-page-list-item-icon\"><i aria-hidden=\"true\" class=\"remixicon ri-arrow-right-s-line\"><\/i><\/span><div><a  href=\"https:\/\/stratisrl.com\/pt\/other-products\/\" target=\"_blank\" rel=\"nofollow\" class=\"wpr-no-pointer wpr-pl-title\">Outros Produtos<\/a><\/div><\/li><\/ul><\/div>\t\t<\/div>\n\t\t\t\t<\/div>\n\t\t\t\t<div class=\"elementor-element elementor-element-eb8a27a wpr-page-list-vertical wpr-pl-badge-center wpr-pl-icon-center exad-sticky-section-no exad-glass-effect-no elementor-widget elementor-widget-wpr-page-list\" data-id=\"eb8a27a\" data-element_type=\"widget\" data-widget_type=\"wpr-page-list.default\">\n\t\t\t\t<div class=\"elementor-widget-container\">\n\t\t\t<div class=\"wpr-page-list-wrap\"><ul class=\"wpr-page-list\"><li class=\"wpr-page-list-item elementor-repeater-item-7ab676a wpr-pointer-none wpr-pointer-line-fx wpr-pointer-fx-fade\"><span class=\"wpr-page-list-item-icon\"><i aria-hidden=\"true\" class=\"remixicon ri-arrow-right-s-line\"><\/i><\/span><div><a  href=\"https:\/\/stratisrl.com\/wp-content\/uploads\/2024\/10\/Catalog_Strati.pdf\" target=\"_blank\" rel=\"nofollow\" class=\"wpr-no-pointer wpr-pl-title\">Fichas T\u00e9cnicas<\/a><\/div><\/li><\/ul><\/div>\t\t<\/div>\n\t\t\t\t<\/div>\n\t\t\t\t\t<\/div>\n\t\t<\/div>\n\t\t\t\t\t<\/div>\n\t\t<\/section>\n\t\t\t\t<section class=\"elementor-section elementor-inner-section elementor-element elementor-element-17fb2bb elementor-section-full_width elementor-section-height-default elementor-section-height-default exad-glass-effect-no wpr-particle-no wpr-jarallax-no wpr-parallax-no wpr-sticky-section-no exad-sticky-section-no\" data-id=\"17fb2bb\" data-element_type=\"section\" data-settings=\"{&quot;background_background&quot;:&quot;classic&quot;}\">\n\t\t\t\t\t\t\t<div class=\"elementor-background-overlay\"><\/div>\n\t\t\t\t\t\t\t<div class=\"elementor-container elementor-column-gap-default\">\n\t\t\t\t\t<div class=\"elementor-column elementor-col-100 elementor-inner-column elementor-element elementor-element-012fe7f exad-glass-effect-no exad-sticky-section-no\" data-id=\"012fe7f\" data-element_type=\"column\">\n\t\t\t<div class=\"elementor-widget-wrap elementor-element-populated\">\n\t\t\t\t\t\t<div class=\"elementor-element elementor-element-875ba52 elementor-view-framed elementor-shape-circle exad-sticky-section-no exad-glass-effect-no elementor-widget elementor-widget-icon\" data-id=\"875ba52\" data-element_type=\"widget\" data-widget_type=\"icon.default\">\n\t\t\t\t<div class=\"elementor-widget-container\">\n\t\t\t\t\t<div class=\"elementor-icon-wrapper\">\n\t\t\t<div class=\"elementor-icon\">\n\t\t\t<i aria-hidden=\"true\" class=\"feather icon-mail\"><\/i>\t\t\t<\/div>\n\t\t<\/div>\n\t\t\t\t<\/div>\n\t\t\t\t<\/div>\n\t\t\t\t<div class=\"elementor-element elementor-element-c11f568 exad-sticky-section-no exad-glass-effect-no elementor-widget elementor-widget-heading\" data-id=\"c11f568\" data-element_type=\"widget\" data-widget_type=\"heading.default\">\n\t\t\t\t<div class=\"elementor-widget-container\">\n\t\t\t<h3 class=\"elementor-heading-title elementor-size-default\">Contato<\/h3>\t\t<\/div>\n\t\t\t\t<\/div>\n\t\t\t\t<div class=\"elementor-element elementor-element-2f07e0d exad-sticky-section-no exad-glass-effect-no elementor-widget elementor-widget-heading\" data-id=\"2f07e0d\" data-element_type=\"widget\" data-widget_type=\"heading.default\">\n\t\t\t\t<div class=\"elementor-widget-container\">\n\t\t\t<h4 class=\"elementor-heading-title elementor-size-default\">info@stratisrl.com<\/h4>\t\t<\/div>\n\t\t\t\t<\/div>\n\t\t\t\t\t<\/div>\n\t\t<\/div>\n\t\t\t\t\t<\/div>\n\t\t<\/section>\n\t\t\t\t\t<\/div>\n\t\t<\/div>\n\t\t\t\t<div class=\"elementor-column elementor-col-66 elementor-top-column elementor-element elementor-element-0a54886 exad-glass-effect-no exad-sticky-section-no\" data-id=\"0a54886\" data-element_type=\"column\">\n\t\t\t<div class=\"elementor-widget-wrap elementor-element-populated\">\n\t\t\t\t\t\t<div class=\"elementor-element elementor-element-c2725fa exad-sticky-section-no exad-glass-effect-no elementor-widget elementor-widget-image\" data-id=\"c2725fa\" data-element_type=\"widget\" data-widget_type=\"image.default\">\n\t\t\t\t<div class=\"elementor-widget-container\">\n\t\t\t\t\t\t\t\t\t\t\t\t\t<img fetchpriority=\"high\" decoding=\"async\" width=\"1540\" height=\"946\" src=\"https:\/\/stratisrl.com\/wp-content\/uploads\/2025\/01\/dry-offset.jpg\" class=\"attachment-full size-full wp-image-657\" alt=\"\" srcset=\"https:\/\/stratisrl.com\/wp-content\/uploads\/2025\/01\/dry-offset.jpg 1540w, https:\/\/stratisrl.com\/wp-content\/uploads\/2025\/01\/dry-offset-300x184.jpg 300w, https:\/\/stratisrl.com\/wp-content\/uploads\/2025\/01\/dry-offset-1024x629.jpg 1024w, https:\/\/stratisrl.com\/wp-content\/uploads\/2025\/01\/dry-offset-768x472.jpg 768w, https:\/\/stratisrl.com\/wp-content\/uploads\/2025\/01\/dry-offset-1536x944.jpg 1536w, https:\/\/stratisrl.com\/wp-content\/uploads\/2025\/01\/dry-offset-18x12.jpg 18w\" sizes=\"(max-width: 1540px) 100vw, 1540px\" \/>\t\t\t\t\t\t\t\t\t\t\t\t\t<\/div>\n\t\t\t\t<\/div>\n\t\t\t\t<div class=\"elementor-element elementor-element-dbcdc02 exad-sticky-section-no exad-glass-effect-no elementor-widget elementor-widget-heading\" data-id=\"dbcdc02\" data-element_type=\"widget\" data-widget_type=\"heading.default\">\n\t\t\t\t<div class=\"elementor-widget-container\">\n\t\t\t<h4 class=\"elementor-heading-title elementor-size-default\">Dry offset<\/h4>\t\t<\/div>\n\t\t\t\t<\/div>\n\t\t\t\t<div class=\"elementor-element elementor-element-eee0d1e exad-sticky-section-no exad-glass-effect-no elementor-widget elementor-widget-text-editor\" data-id=\"eee0d1e\" data-element_type=\"widget\" data-widget_type=\"text-editor.default\">\n\t\t\t\t<div class=\"elementor-widget-container\">\n\t\t\t\t\t\t\t<p>Nossa linha completa de blanquetas e underpacking materials para impress\u00e3o offset a seco foi desenvolvida para garantir desempenho superior em aplica\u00e7\u00f5es que exigem precis\u00e3o e durabilidade em substratos pl\u00e1sticos. Com op\u00e7\u00f5es de blanquetas de impress\u00e3o de alta precis\u00e3o e embalagens r\u00edgidas e macias especiais, oferecemos solu\u00e7\u00f5es personalizadas para atender \u00e0s necessidades espec\u00edficas de cada processo de impress\u00e3o.<\/p>\t\t\t\t\t\t<\/div>\n\t\t\t\t<\/div>\n\t\t\t\t<div class=\"elementor-element elementor-element-8e54a1a exad-sticky-section-no exad-glass-effect-no elementor-widget elementor-widget-text-editor\" data-id=\"8e54a1a\" data-element_type=\"widget\" data-widget_type=\"text-editor.default\">\n\t\t\t\t<div class=\"elementor-widget-container\">\n\t\t\t\t\t\t\t<strong>Blanquetas de alta precis\u00e3o<\/strong>: Garantem excelente reprodu\u00e7\u00e3o de pontos, proporcionando nitidez e defini\u00e7\u00e3o em cada impress\u00e3o com qualidade superior. Formuladas para resistir ao desgaste causado por materiais abrasivos, elas prolongam a vida \u00fatil da blanqueta, reduzindo a necessidade de substitui\u00e7\u00f5es frequentes.\t\t\t\t\t\t<\/div>\n\t\t\t\t<\/div>\n\t\t\t\t<div class=\"elementor-element elementor-element-303b4e7 exad-sticky-section-no exad-glass-effect-no elementor-widget elementor-widget-text-editor\" data-id=\"303b4e7\" data-element_type=\"widget\" data-widget_type=\"text-editor.default\">\n\t\t\t\t<div class=\"elementor-widget-container\">\n\t\t\t\t\t\t\t<p><strong>Embalagens especiais r\u00edgidas e macias :<\/strong>Dispon\u00edveis em diferentes n\u00edveis de dureza, permitindo ajustes precisos para maior controle e adaptabilidade ao processo de impress\u00e3o.<\/p><p>Esta linha de produtos \u00e9 ideal para quem busca m\u00e1ximo desempenho e confiabilidade em impress\u00e3o Dry Offset, oferecendo excelente defini\u00e7\u00e3o, resist\u00eancia \u00e0 abras\u00e3o e flexibilidade para se adaptar a diversas aplica\u00e7\u00f5es.<\/p>\t\t\t\t\t\t<\/div>\n\t\t\t\t<\/div>\n\t\t\t\t<div class=\"elementor-element elementor-element-a1f9336 exad-sticky-section-no exad-glass-effect-no elementor-widget elementor-widget-text-editor\" data-id=\"a1f9336\" data-element_type=\"widget\" data-widget_type=\"text-editor.default\">\n\t\t\t\t<div class=\"elementor-widget-container\">\n\t\t\t\t\t\t\t<p><strong>Embalagem Dry Offset: <\/strong>Nossos materiais de embalagem Dry Offset oferecem diversas op\u00e7\u00f5es de dureza, com vers\u00f5es r\u00edgidas e macias dispon\u00edveis para atender a diversas necessidades de impress\u00e3o. Com espessura precisa de 1,90 mm, garantem uma adapta\u00e7\u00e3o eficiente ao substrato, facilitando uma impress\u00e3o precisa e de alto desempenho. Ideais para quem busca consist\u00eancia e qualidade em toda a produ\u00e7\u00e3o.<\/p>\t\t\t\t\t\t<\/div>\n\t\t\t\t<\/div>\n\t\t\t\t<div class=\"elementor-element elementor-element-13eefe0 exad-sticky-section-no exad-glass-effect-no elementor-widget elementor-widget-elementskit-accordion\" data-id=\"13eefe0\" data-element_type=\"widget\" data-widget_type=\"elementskit-accordion.default\">\n\t\t\t\t<div class=\"elementor-widget-container\">\n\t\t\t<div class=\"ekit-wid-con\" >\n        <div class=\"elementskit-accordion accoedion-primary\" id=\"accordion-69e04bc77dd26\">\n\n            \n                <div class=\"elementskit-card active\">\n                    <div class=\"elementskit-card-header\" id=\"primaryHeading-0-13eefe0\">\n                        <a href=\"#collapse-40c475669e04bc77dd26\" class=\"ekit-accordion--toggler elementskit-btn-link collapsed\" data-ekit-toggle=\"collapse\" data-target=\"#Collapse-40c475669e04bc77dd26\" aria-expanded=\"true\" aria-controls=\"Collapse-40c475669e04bc77dd26\">\n                            \n                            <span class=\"ekit-accordion-title\">Strati Terra<\/span>\n\n                            \n                                <div class=\"ekit_accordion_icon_group\">\n                                    <div class=\"ekit_accordion_normal_icon\">\n                                        <!-- Normal Icon -->\n\t\t\t\t\t\t\t\t\t\t<i class=\"icon icon-up-arrow1\"><\/i>                                    <\/div>\n\n                                    <div class=\"ekit_accordion_active_icon\">\n                                        <!-- Active Icon -->\n\t\t\t\t\t\t\t\t\t\t<i class=\"icon icon-down-arrow1\"><\/i>                                    <\/div>\n                                <\/div>\n\n                            \n                                                    <\/a>\n                    <\/div>\n\n                    <div id=\"Collapse-40c475669e04bc77dd26\" class=\"show collapse\" aria-labelledby=\"primaryHeading-0-13eefe0\" data-parent=\"#accordion-69e04bc77dd26\">\n\n                        <div class=\"elementskit-card-body ekit-accordion--content\">\n                            <p>A blanqueta Strati Terra para Dry Offset foi projetada para atender \u00e0s demandas de alta velocidade da produ\u00e7\u00e3o e decora\u00e7\u00e3o de embalagens pl\u00e1sticas, destacando-se por sua excepcional resist\u00eancia a tintas \u00e0 base de cetona e cura UV. Sua superf\u00edcie foi projetada para proporcionar maior durabilidade e desempenho de impress\u00e3o consistente durante toda a produ\u00e7\u00e3o. Com um composto de superf\u00edcie projetado para garantir alta transfer\u00eancia de tinta tanto em meios-tons quanto em \u00e1reas s\u00f3lidas, ela apresenta excelente desempenho em todos os tipos de embalagens pl\u00e1sticas. Com uma camada externa refor\u00e7ada, a blanqueta Strati Terra oferece excelente resist\u00eancia \u00e0 abras\u00e3o, tornando-a altamente eficiente para impress\u00e3o em embalagens c\u00f4nicas.<\/p><p><a href=\"https:\/\/stratisrl.com\/wp-content\/uploads\/2024\/11\/terra.pdf\" target=\"_blank\" rel=\"noopener\"> Fichas T\u00e9cnicas<\/a><\/p>                        <\/div>\n\n                    <\/div>\n\n                <\/div><!-- .elementskit-card END -->\n\n                                        <\/div>\n    <\/div>\t\t<\/div>\n\t\t\t\t<\/div>\n\t\t\t\t\t<\/div>\n\t\t<\/div>\n\t\t\t\t\t<\/div>\n\t\t<\/section>\n\t\t\t\t<\/div>","protected":false},"excerpt":{"rendered":"<p>Home \/ Dry offset Dry offset Products Printing Blankets Coating Plates Dry offset Underpacking Materials Other Products Technical Data Sheets Contact info@stratisrl.com Dry offset Our complete range of blankets and packing materials for dry offset printing has been developed to ensure superior performance in applications that require precision and durability on plastic substrates. With options for high-precision printing blankets and special rigid and soft packings, we provide solutions tailored to meet the specific needs of each printing process. High-precision printing blankets: These blankets ensure excellent dot reproduction, delivering sharpness and definition in every print with superior quality. Formulated to resist wear caused by abrasive materials, they extend the blanket&#8217;s lifespan, reducing the need for frequent replacements. Special rigid and soft packings: Available in different hardness levels, allowing precise adjustments for greater control and adaptability to the printing process. This product line is ideal for those seeking maximum performance and reliability in Dry Offset printing, offering excellent definition, abrasion resistance, and flexibility to adapt to various applications. Packing for Dry Offset: Our packing materials for Dry Offset offer multiple hardness options, with both rigid and soft variants available to meet diverse printing needs. With a precise thickness of 1.90 mm, they ensure efficient substrate adaptation, facilitating high-performance and precise printing. Ideal for those seeking consistency and quality throughout production. Strati Terra The Strati Terra blanket for Dry Offset is designed to meet the high-speed demands of plastic container production and decoration, standing out for its exceptional resistance to ketone-based and UV-curable inks. Its surface is engineered to provide greater durability and consistent printing performance throughout production. With a face compound designed to ensure high ink transfer in both halftones and solid areas, it performs excellently on all types of plastic containers. Featuring an enhanced outer layer, the Strati Terra blanket offers excellent abrasion resistance, making it highly efficient for printing on conical containers. Technical Data Sheets<\/p>","protected":false},"author":1,"featured_media":0,"parent":0,"menu_order":0,"comment_status":"closed","ping_status":"closed","template":"elementor_header_footer","meta":{"footnotes":""},"class_list":["post-409","page","type-page","status-publish","hentry"],"_links":{"self":[{"href":"https:\/\/stratisrl.com\/pt\/wp-json\/wp\/v2\/pages\/409","targetHints":{"allow":["GET"]}}],"collection":[{"href":"https:\/\/stratisrl.com\/pt\/wp-json\/wp\/v2\/pages"}],"about":[{"href":"https:\/\/stratisrl.com\/pt\/wp-json\/wp\/v2\/types\/page"}],"author":[{"embeddable":true,"href":"https:\/\/stratisrl.com\/pt\/wp-json\/wp\/v2\/users\/1"}],"replies":[{"embeddable":true,"href":"https:\/\/stratisrl.com\/pt\/wp-json\/wp\/v2\/comments?post=409"}],"version-history":[{"count":28,"href":"https:\/\/stratisrl.com\/pt\/wp-json\/wp\/v2\/pages\/409\/revisions"}],"predecessor-version":[{"id":793,"href":"https:\/\/stratisrl.com\/pt\/wp-json\/wp\/v2\/pages\/409\/revisions\/793"}],"wp:attachment":[{"href":"https:\/\/stratisrl.com\/pt\/wp-json\/wp\/v2\/media?parent=409"}],"curies":[{"name":"wp","href":"https:\/\/api.w.org\/{rel}","templated":true}]}}