{"id":745,"date":"2026-03-21T19:36:30","date_gmt":"2026-03-21T19:36:30","guid":{"rendered":"https:\/\/stratisrl.com\/?page_id=745"},"modified":"2026-03-21T22:40:02","modified_gmt":"2026-03-21T22:40:02","slug":"other-products","status":"publish","type":"page","link":"https:\/\/stratisrl.com\/pt\/other-products\/","title":{"rendered":"Outros Produtos"},"content":{"rendered":"<div data-elementor-type=\"wp-page\" data-elementor-id=\"745\" class=\"elementor elementor-745\">\n\t\t\t\t\t\t<section class=\"elementor-section elementor-top-section elementor-element elementor-element-839d3a8 elementor-section-boxed elementor-section-height-default elementor-section-height-default exad-glass-effect-no wpr-particle-no wpr-jarallax-no wpr-parallax-no wpr-sticky-section-no exad-sticky-section-no\" data-id=\"839d3a8\" data-element_type=\"section\" data-settings=\"{&quot;background_background&quot;:&quot;classic&quot;}\">\n\t\t\t\t\t\t\t<div class=\"elementor-background-overlay\"><\/div>\n\t\t\t\t\t\t\t<div class=\"elementor-container elementor-column-gap-default\">\n\t\t\t\t\t<div class=\"elementor-column elementor-col-100 elementor-top-column elementor-element elementor-element-c3646f9 exad-glass-effect-no exad-sticky-section-no\" data-id=\"c3646f9\" data-element_type=\"column\">\n\t\t\t<div class=\"elementor-widget-wrap elementor-element-populated\">\n\t\t\t\t\t\t<div class=\"elementor-element elementor-element-5030b22 elementor-widget__width-auto elementor-icon-list--layout-traditional elementor-list-item-link-full_width exad-sticky-section-no exad-glass-effect-no elementor-widget elementor-widget-icon-list\" data-id=\"5030b22\" data-element_type=\"widget\" data-widget_type=\"icon-list.default\">\n\t\t\t\t<div class=\"elementor-widget-container\">\n\t\t\t\t\t<ul class=\"elementor-icon-list-items\">\n\t\t\t\t\t\t\t<li class=\"elementor-icon-list-item\">\n\t\t\t\t\t\t\t\t\t\t\t<a href=\"#\">\n\n\t\t\t\t\t\t\t\t\t\t\t<span class=\"elementor-icon-list-text\">Home <\/span>\n\t\t\t\t\t\t\t\t\t\t\t<\/a>\n\t\t\t\t\t\t\t\t\t<\/li>\n\t\t\t\t\t\t<\/ul>\n\t\t\t\t<\/div>\n\t\t\t\t<\/div>\n\t\t\t\t<div class=\"elementor-element elementor-element-c32b9aa elementor-widget__width-auto exad-sticky-section-no exad-glass-effect-no elementor-widget elementor-widget-heading\" data-id=\"c32b9aa\" data-element_type=\"widget\" data-widget_type=\"heading.default\">\n\t\t\t\t<div class=\"elementor-widget-container\">\n\t\t\t<h6 class=\"elementor-heading-title elementor-size-default\">\/<\/h6>\t\t<\/div>\n\t\t\t\t<\/div>\n\t\t\t\t<div class=\"elementor-element elementor-element-c8ed14b elementor-widget__width-auto elementor-icon-list--layout-traditional elementor-list-item-link-full_width exad-sticky-section-no exad-glass-effect-no elementor-widget elementor-widget-icon-list\" data-id=\"c8ed14b\" data-element_type=\"widget\" data-widget_type=\"icon-list.default\">\n\t\t\t\t<div class=\"elementor-widget-container\">\n\t\t\t\t\t<ul class=\"elementor-icon-list-items\">\n\t\t\t\t\t\t\t<li class=\"elementor-icon-list-item\">\n\t\t\t\t\t\t\t\t\t\t\t<a href=\"https:\/\/stratisrl.com\/pt\/other-products\/\">\n\n\t\t\t\t\t\t\t\t\t\t\t<span class=\"elementor-icon-list-text\">Outros Produtos<\/span>\n\t\t\t\t\t\t\t\t\t\t\t<\/a>\n\t\t\t\t\t\t\t\t\t<\/li>\n\t\t\t\t\t\t<\/ul>\n\t\t\t\t<\/div>\n\t\t\t\t<\/div>\n\t\t\t\t<div class=\"elementor-element elementor-element-fb04e3e exad-sticky-section-no exad-glass-effect-no elementor-widget elementor-widget-heading\" data-id=\"fb04e3e\" data-element_type=\"widget\" data-widget_type=\"heading.default\">\n\t\t\t\t<div class=\"elementor-widget-container\">\n\t\t\t<h1 class=\"elementor-heading-title elementor-size-default\">Outros Produtos<\/h1>\t\t<\/div>\n\t\t\t\t<\/div>\n\t\t\t\t\t<\/div>\n\t\t<\/div>\n\t\t\t\t\t<\/div>\n\t\t<\/section>\n\t\t\t\t<section class=\"elementor-section elementor-top-section elementor-element elementor-element-90dec2e elementor-section-boxed elementor-section-height-default elementor-section-height-default exad-glass-effect-no wpr-particle-no wpr-jarallax-no wpr-parallax-no wpr-sticky-section-no exad-sticky-section-no\" data-id=\"90dec2e\" data-element_type=\"section\">\n\t\t\t\t\t\t<div class=\"elementor-container elementor-column-gap-default\">\n\t\t\t\t\t<div class=\"elementor-column elementor-col-33 elementor-top-column elementor-element elementor-element-5af995a exad-glass-effect-no exad-sticky-section-no\" data-id=\"5af995a\" data-element_type=\"column\">\n\t\t\t<div class=\"elementor-widget-wrap elementor-element-populated\">\n\t\t\t\t\t\t<section class=\"elementor-section elementor-inner-section elementor-element elementor-element-abd052c elementor-section-full_width elementor-section-height-default elementor-section-height-default exad-glass-effect-no wpr-particle-no wpr-jarallax-no wpr-parallax-no wpr-sticky-section-no exad-sticky-section-no\" data-id=\"abd052c\" data-element_type=\"section\" data-settings=\"{&quot;background_background&quot;:&quot;classic&quot;}\">\n\t\t\t\t\t\t<div class=\"elementor-container elementor-column-gap-default\">\n\t\t\t\t\t<div class=\"elementor-column elementor-col-100 elementor-inner-column elementor-element elementor-element-ed86b83 exad-glass-effect-no exad-sticky-section-no\" data-id=\"ed86b83\" data-element_type=\"column\">\n\t\t\t<div class=\"elementor-widget-wrap elementor-element-populated\">\n\t\t\t\t\t\t<div class=\"elementor-element elementor-element-d2c6832 exad-sticky-section-no exad-glass-effect-no elementor-widget elementor-widget-heading\" data-id=\"d2c6832\" data-element_type=\"widget\" data-widget_type=\"heading.default\">\n\t\t\t\t<div class=\"elementor-widget-container\">\n\t\t\t<h3 class=\"elementor-heading-title elementor-size-default\">Produtos<\/h3>\t\t<\/div>\n\t\t\t\t<\/div>\n\t\t\t\t<div class=\"elementor-element elementor-element-43ad58f wpr-page-list-vertical wpr-pl-badge-center wpr-pl-icon-center exad-sticky-section-no exad-glass-effect-no elementor-widget elementor-widget-wpr-page-list\" data-id=\"43ad58f\" data-element_type=\"widget\" data-widget_type=\"wpr-page-list.default\">\n\t\t\t\t<div class=\"elementor-widget-container\">\n\t\t\t<div class=\"wpr-page-list-wrap\"><ul class=\"wpr-page-list\"><li class=\"wpr-page-list-item elementor-repeater-item-7ab676a wpr-pointer-none wpr-pointer-line-fx wpr-pointer-fx-fade\"><span class=\"wpr-page-list-item-icon\"><i aria-hidden=\"true\" class=\"remixicon ri-arrow-right-s-line\"><\/i><\/span><div><a  href=\"https:\/\/stratisrl.com\/pt\/printing-blankets\/\" rel=\"nofollow\" class=\"wpr-no-pointer wpr-pl-title\">Blanquetas<\/a><\/div><\/li><\/ul><\/div>\t\t<\/div>\n\t\t\t\t<\/div>\n\t\t\t\t<div class=\"elementor-element elementor-element-404313a wpr-page-list-vertical wpr-pl-badge-center wpr-pl-icon-center exad-sticky-section-no exad-glass-effect-no elementor-widget elementor-widget-wpr-page-list\" data-id=\"404313a\" data-element_type=\"widget\" data-widget_type=\"wpr-page-list.default\">\n\t\t\t\t<div class=\"elementor-widget-container\">\n\t\t\t<div class=\"wpr-page-list-wrap\"><ul class=\"wpr-page-list\"><li class=\"wpr-page-list-item elementor-repeater-item-7ab676a wpr-pointer-none wpr-pointer-line-fx wpr-pointer-fx-fade\"><span class=\"wpr-page-list-item-icon\"><i aria-hidden=\"true\" class=\"remixicon ri-arrow-right-s-line\"><\/i><\/span><div><a  href=\"https:\/\/stratisrl.com\/pt\/coating-plates\/\" rel=\"nofollow\" class=\"wpr-no-pointer wpr-pl-title\">Coating Plates<\/a><\/div><\/li><\/ul><\/div>\t\t<\/div>\n\t\t\t\t<\/div>\n\t\t\t\t<div class=\"elementor-element elementor-element-a51f3b4 wpr-page-list-vertical wpr-pl-badge-center wpr-pl-icon-center exad-sticky-section-no exad-glass-effect-no elementor-widget elementor-widget-wpr-page-list\" data-id=\"a51f3b4\" data-element_type=\"widget\" data-widget_type=\"wpr-page-list.default\">\n\t\t\t\t<div class=\"elementor-widget-container\">\n\t\t\t<div class=\"wpr-page-list-wrap\"><ul class=\"wpr-page-list\"><li class=\"wpr-page-list-item elementor-repeater-item-7ab676a wpr-pointer-none wpr-pointer-line-fx wpr-pointer-fx-fade\"><span class=\"wpr-page-list-item-icon\"><i aria-hidden=\"true\" class=\"remixicon ri-arrow-right-s-line\"><\/i><\/span><div><a  href=\"https:\/\/stratisrl.com\/pt\/dry-offset\/\" rel=\"nofollow\" class=\"wpr-no-pointer wpr-pl-title\">Dry offset<\/a><\/div><\/li><\/ul><\/div>\t\t<\/div>\n\t\t\t\t<\/div>\n\t\t\t\t<div class=\"elementor-element elementor-element-eda7561 wpr-page-list-vertical wpr-pl-badge-center wpr-pl-icon-center exad-sticky-section-no exad-glass-effect-no elementor-widget elementor-widget-wpr-page-list\" data-id=\"eda7561\" data-element_type=\"widget\" data-widget_type=\"wpr-page-list.default\">\n\t\t\t\t<div class=\"elementor-widget-container\">\n\t\t\t<div class=\"wpr-page-list-wrap\"><ul class=\"wpr-page-list\"><li class=\"wpr-page-list-item elementor-repeater-item-7ab676a wpr-pointer-none wpr-pointer-line-fx wpr-pointer-fx-fade\"><span class=\"wpr-page-list-item-icon\"><i aria-hidden=\"true\" class=\"remixicon ri-arrow-right-s-line\"><\/i><\/span><div><a  href=\"https:\/\/stratisrl.com\/pt\/underpacking-materials\/\" rel=\"nofollow\" class=\"wpr-no-pointer wpr-pl-title\">Underpacking Materials<\/a><\/div><\/li><\/ul><\/div>\t\t<\/div>\n\t\t\t\t<\/div>\n\t\t\t\t<div class=\"elementor-element elementor-element-fb06aa9 wpr-page-list-vertical wpr-pl-badge-center wpr-pl-icon-center exad-sticky-section-no exad-glass-effect-no elementor-widget elementor-widget-wpr-page-list\" data-id=\"fb06aa9\" data-element_type=\"widget\" data-widget_type=\"wpr-page-list.default\">\n\t\t\t\t<div class=\"elementor-widget-container\">\n\t\t\t<div class=\"wpr-page-list-wrap\"><ul class=\"wpr-page-list\"><li class=\"wpr-page-list-item elementor-repeater-item-7ab676a wpr-pointer-none wpr-pointer-line-fx wpr-pointer-fx-fade\"><span class=\"wpr-page-list-item-icon\"><i aria-hidden=\"true\" class=\"remixicon ri-arrow-right-s-line\"><\/i><\/span><div><a  href=\"https:\/\/stratisrl.com\/pt\/other-products\/\" target=\"_blank\" rel=\"nofollow\" class=\"wpr-no-pointer wpr-pl-title\">Outros Produtos<\/a><\/div><\/li><\/ul><\/div>\t\t<\/div>\n\t\t\t\t<\/div>\n\t\t\t\t<div class=\"elementor-element elementor-element-1b0450a wpr-page-list-vertical wpr-pl-badge-center wpr-pl-icon-center exad-sticky-section-no exad-glass-effect-no elementor-widget elementor-widget-wpr-page-list\" data-id=\"1b0450a\" data-element_type=\"widget\" data-widget_type=\"wpr-page-list.default\">\n\t\t\t\t<div class=\"elementor-widget-container\">\n\t\t\t<div class=\"wpr-page-list-wrap\"><ul class=\"wpr-page-list\"><li class=\"wpr-page-list-item elementor-repeater-item-7ab676a wpr-pointer-none wpr-pointer-line-fx wpr-pointer-fx-fade\"><span class=\"wpr-page-list-item-icon\"><i aria-hidden=\"true\" class=\"remixicon ri-arrow-right-s-line\"><\/i><\/span><div><a  href=\"https:\/\/stratisrl.com\/wp-content\/uploads\/2024\/10\/Catalog_Strati.pdf\" target=\"_blank\" rel=\"nofollow\" class=\"wpr-no-pointer wpr-pl-title\">Fichas T\u00e9cnicas<\/a><\/div><\/li><\/ul><\/div>\t\t<\/div>\n\t\t\t\t<\/div>\n\t\t\t\t\t<\/div>\n\t\t<\/div>\n\t\t\t\t\t<\/div>\n\t\t<\/section>\n\t\t\t\t<section class=\"elementor-section elementor-inner-section elementor-element elementor-element-ff0e1a0 elementor-section-full_width elementor-section-height-default elementor-section-height-default exad-glass-effect-no wpr-particle-no wpr-jarallax-no wpr-parallax-no wpr-sticky-section-no exad-sticky-section-no\" data-id=\"ff0e1a0\" data-element_type=\"section\" data-settings=\"{&quot;background_background&quot;:&quot;classic&quot;}\">\n\t\t\t\t\t\t\t<div class=\"elementor-background-overlay\"><\/div>\n\t\t\t\t\t\t\t<div class=\"elementor-container elementor-column-gap-default\">\n\t\t\t\t\t<div class=\"elementor-column elementor-col-100 elementor-inner-column elementor-element elementor-element-32bbbfc exad-glass-effect-no exad-sticky-section-no\" data-id=\"32bbbfc\" data-element_type=\"column\">\n\t\t\t<div class=\"elementor-widget-wrap elementor-element-populated\">\n\t\t\t\t\t\t<div class=\"elementor-element elementor-element-e2ab825 elementor-view-framed elementor-shape-circle exad-sticky-section-no exad-glass-effect-no elementor-widget elementor-widget-icon\" data-id=\"e2ab825\" data-element_type=\"widget\" data-widget_type=\"icon.default\">\n\t\t\t\t<div class=\"elementor-widget-container\">\n\t\t\t\t\t<div class=\"elementor-icon-wrapper\">\n\t\t\t<div class=\"elementor-icon\">\n\t\t\t<i aria-hidden=\"true\" class=\"feather icon-mail\"><\/i>\t\t\t<\/div>\n\t\t<\/div>\n\t\t\t\t<\/div>\n\t\t\t\t<\/div>\n\t\t\t\t<div class=\"elementor-element elementor-element-f975625 exad-sticky-section-no exad-glass-effect-no elementor-widget elementor-widget-heading\" data-id=\"f975625\" data-element_type=\"widget\" data-widget_type=\"heading.default\">\n\t\t\t\t<div class=\"elementor-widget-container\">\n\t\t\t<h3 class=\"elementor-heading-title elementor-size-default\">Contato<\/h3>\t\t<\/div>\n\t\t\t\t<\/div>\n\t\t\t\t<div class=\"elementor-element elementor-element-3052c05 exad-sticky-section-no exad-glass-effect-no elementor-widget elementor-widget-heading\" data-id=\"3052c05\" data-element_type=\"widget\" data-widget_type=\"heading.default\">\n\t\t\t\t<div class=\"elementor-widget-container\">\n\t\t\t<h4 class=\"elementor-heading-title elementor-size-default\">info@stratisrl.com<\/h4>\t\t<\/div>\n\t\t\t\t<\/div>\n\t\t\t\t\t<\/div>\n\t\t<\/div>\n\t\t\t\t\t<\/div>\n\t\t<\/section>\n\t\t\t\t\t<\/div>\n\t\t<\/div>\n\t\t\t\t<div class=\"elementor-column elementor-col-66 elementor-top-column elementor-element elementor-element-685cb6a exad-glass-effect-no exad-sticky-section-no\" data-id=\"685cb6a\" data-element_type=\"column\">\n\t\t\t<div class=\"elementor-widget-wrap elementor-element-populated\">\n\t\t\t\t\t\t<div class=\"elementor-element elementor-element-49c2a62 exad-sticky-section-no exad-glass-effect-no elementor-widget elementor-widget-heading\" data-id=\"49c2a62\" data-element_type=\"widget\" data-widget_type=\"heading.default\">\n\t\t\t\t<div class=\"elementor-widget-container\">\n\t\t\t<h4 class=\"elementor-heading-title elementor-size-default\">Outros Produtos<\/h4>\t\t<\/div>\n\t\t\t\t<\/div>\n\t\t<div class=\"elementor-element elementor-element-8f618b1 e-grid e-con-full wpr-particle-no wpr-jarallax-no wpr-parallax-no wpr-sticky-section-no e-con e-parent\" data-id=\"8f618b1\" data-element_type=\"container\">\n\t\t\t\t<div class=\"elementor-element elementor-element-310d099 ekit-equal-height-disable exad-sticky-section-no exad-glass-effect-no elementor-widget elementor-widget-elementskit-icon-box\" data-id=\"310d099\" data-element_type=\"widget\" data-widget_type=\"elementskit-icon-box.default\">\n\t\t\t\t<div class=\"elementor-widget-container\">\n\t\t\t<div class=\"ekit-wid-con\" >        <!-- link opening -->\n                <!-- end link opening -->\n\n        <div class=\"elementskit-infobox text-center text- icon-top-align elementor-animation-\">\n                            <div class=\"elementskit-box-header\">\n                <div class=\"elementskit-info-box-icon\">\n                    <img fetchpriority=\"high\" decoding=\"async\" width=\"1080\" height=\"1080\" src=\"https:\/\/stratisrl.com\/wp-content\/uploads\/2026\/03\/esponja-litografica-viskovita.jpg\" class=\"attachment- size-\" alt=\"\" srcset=\"https:\/\/stratisrl.com\/wp-content\/uploads\/2026\/03\/esponja-litografica-viskovita.jpg 1080w, https:\/\/stratisrl.com\/wp-content\/uploads\/2026\/03\/esponja-litografica-viskovita-300x300.jpg 300w, https:\/\/stratisrl.com\/wp-content\/uploads\/2026\/03\/esponja-litografica-viskovita-1024x1024.jpg 1024w, https:\/\/stratisrl.com\/wp-content\/uploads\/2026\/03\/esponja-litografica-viskovita-150x150.jpg 150w, https:\/\/stratisrl.com\/wp-content\/uploads\/2026\/03\/esponja-litografica-viskovita-768x768.jpg 768w, https:\/\/stratisrl.com\/wp-content\/uploads\/2026\/03\/esponja-litografica-viskovita-12x12.jpg 12w\" sizes=\"(max-width: 1080px) 100vw, 1080px\" \/>                <\/div>\n          <\/div>\n                <div class=\"box-body\">\n                            <h3 class=\"elementskit-info-box-title\">\n                    Esponja Litogr\u00e1fica Viskovitta                <\/h3>\n                        \t\t  \t<p>Esponja litogr\u00e1fica para limpeza e aplica\u00e7\u00e3o de produtos qu\u00edmicos em processos litogr\u00e1ficos.<\/p>\n                                <\/div>\n        \n        \n                <\/div>\n        <\/div>\t\t<\/div>\n\t\t\t\t<\/div>\n\t\t\t\t<div class=\"elementor-element elementor-element-e388427 ekit-equal-height-disable exad-sticky-section-no exad-glass-effect-no elementor-widget elementor-widget-elementskit-icon-box\" data-id=\"e388427\" data-element_type=\"widget\" data-widget_type=\"elementskit-icon-box.default\">\n\t\t\t\t<div class=\"elementor-widget-container\">\n\t\t\t<div class=\"ekit-wid-con\" >        <!-- link opening -->\n                <!-- end link opening -->\n\n        <div class=\"elementskit-infobox text-center text- icon-top-align elementor-animation-\">\n                            <div class=\"elementskit-box-header\">\n                <div class=\"elementskit-info-box-icon\">\n                    <img decoding=\"async\" width=\"1080\" height=\"1080\" src=\"https:\/\/stratisrl.com\/wp-content\/uploads\/2026\/03\/esponja-litografica-viscoceres.jpg\" class=\"attachment- size-\" alt=\"\" srcset=\"https:\/\/stratisrl.com\/wp-content\/uploads\/2026\/03\/esponja-litografica-viscoceres.jpg 1080w, https:\/\/stratisrl.com\/wp-content\/uploads\/2026\/03\/esponja-litografica-viscoceres-300x300.jpg 300w, https:\/\/stratisrl.com\/wp-content\/uploads\/2026\/03\/esponja-litografica-viscoceres-1024x1024.jpg 1024w, https:\/\/stratisrl.com\/wp-content\/uploads\/2026\/03\/esponja-litografica-viscoceres-150x150.jpg 150w, https:\/\/stratisrl.com\/wp-content\/uploads\/2026\/03\/esponja-litografica-viscoceres-768x768.jpg 768w, https:\/\/stratisrl.com\/wp-content\/uploads\/2026\/03\/esponja-litografica-viscoceres-12x12.jpg 12w\" sizes=\"(max-width: 1080px) 100vw, 1080px\" \/>                <\/div>\n          <\/div>\n                <div class=\"box-body\">\n                            <h3 class=\"elementskit-info-box-title\">\n                    Esponja Litogr\u00e1fica Vikoceres                <\/h3>\n                        \t\t  \t<p>Esponja litogr\u00e1fica para limpeza e aplica\u00e7\u00e3o de produtos qu\u00edmicos em processos litogr\u00e1ficos.<\/p>\n                                <\/div>\n        \n        \n                <\/div>\n        <\/div>\t\t<\/div>\n\t\t\t\t<\/div>\n\t\t\t\t<\/div>\n\t\t<div class=\"elementor-element elementor-element-98d0616 e-grid e-con-full wpr-particle-no wpr-jarallax-no wpr-parallax-no wpr-sticky-section-no e-con e-parent\" data-id=\"98d0616\" data-element_type=\"container\">\n\t\t\t\t<div class=\"elementor-element elementor-element-d702957 ekit-equal-height-enable exad-sticky-section-no exad-glass-effect-no elementor-widget elementor-widget-elementskit-icon-box\" data-id=\"d702957\" data-element_type=\"widget\" data-widget_type=\"elementskit-icon-box.default\">\n\t\t\t\t<div class=\"elementor-widget-container\">\n\t\t\t<div class=\"ekit-wid-con\" >        <!-- link opening -->\n                <!-- end link opening -->\n\n        <div class=\"elementskit-infobox text-center text- icon-top-align elementor-animation-\">\n                            <div class=\"elementskit-box-header\">\n                <div class=\"elementskit-info-box-icon\">\n                    <img decoding=\"async\" width=\"1080\" height=\"1080\" src=\"https:\/\/stratisrl.com\/wp-content\/uploads\/2026\/03\/lamina-de-tinteiro.jpg\" class=\"attachment- size-\" alt=\"\" srcset=\"https:\/\/stratisrl.com\/wp-content\/uploads\/2026\/03\/lamina-de-tinteiro.jpg 1080w, https:\/\/stratisrl.com\/wp-content\/uploads\/2026\/03\/lamina-de-tinteiro-300x300.jpg 300w, https:\/\/stratisrl.com\/wp-content\/uploads\/2026\/03\/lamina-de-tinteiro-1024x1024.jpg 1024w, https:\/\/stratisrl.com\/wp-content\/uploads\/2026\/03\/lamina-de-tinteiro-150x150.jpg 150w, https:\/\/stratisrl.com\/wp-content\/uploads\/2026\/03\/lamina-de-tinteiro-768x768.jpg 768w, https:\/\/stratisrl.com\/wp-content\/uploads\/2026\/03\/lamina-de-tinteiro-12x12.jpg 12w\" sizes=\"(max-width: 1080px) 100vw, 1080px\" \/>                <\/div>\n          <\/div>\n                <div class=\"box-body\">\n                            <h3 class=\"elementskit-info-box-title\">\n                    L\u00e2mina de tinteiro                <\/h3>\n                        \t\t  \t<p>L\u00e2mina de alta qualidade projetada para m\u00e1quinas de impress\u00e3o Offset, garantindo uma distribui\u00e7\u00e3o uniforme de tinta e \u00f3timo desempenho.<\/p>\n                                <\/div>\n        \n        \n                <\/div>\n        <\/div>\t\t<\/div>\n\t\t\t\t<\/div>\n\t\t\t\t<div class=\"elementor-element elementor-element-a1d0914 ekit-equal-height-enable exad-sticky-section-no exad-glass-effect-no elementor-widget elementor-widget-elementskit-icon-box\" data-id=\"a1d0914\" data-element_type=\"widget\" data-widget_type=\"elementskit-icon-box.default\">\n\t\t\t\t<div class=\"elementor-widget-container\">\n\t\t\t<div class=\"ekit-wid-con\" >        <!-- link opening -->\n                <!-- end link opening -->\n\n        <div class=\"elementskit-infobox text-center text- icon-top-align elementor-animation-\">\n                            <div class=\"elementskit-box-header\">\n                <div class=\"elementskit-info-box-icon\">\n                    <img loading=\"lazy\" decoding=\"async\" width=\"1080\" height=\"1080\" src=\"https:\/\/stratisrl.com\/wp-content\/uploads\/2026\/03\/panos-de-limpeza-1.jpg\" class=\"attachment- size-\" alt=\"\" srcset=\"https:\/\/stratisrl.com\/wp-content\/uploads\/2026\/03\/panos-de-limpeza-1.jpg 1080w, https:\/\/stratisrl.com\/wp-content\/uploads\/2026\/03\/panos-de-limpeza-1-300x300.jpg 300w, https:\/\/stratisrl.com\/wp-content\/uploads\/2026\/03\/panos-de-limpeza-1-1024x1024.jpg 1024w, https:\/\/stratisrl.com\/wp-content\/uploads\/2026\/03\/panos-de-limpeza-1-150x150.jpg 150w, https:\/\/stratisrl.com\/wp-content\/uploads\/2026\/03\/panos-de-limpeza-1-768x768.jpg 768w, https:\/\/stratisrl.com\/wp-content\/uploads\/2026\/03\/panos-de-limpeza-1-12x12.jpg 12w\" sizes=\"(max-width: 1080px) 100vw, 1080px\" \/>                <\/div>\n          <\/div>\n                <div class=\"box-body\">\n                            <h3 class=\"elementskit-info-box-title\">\n                    Pano de Limpeza Azul e Branco                <\/h3>\n                        \t\t  \t<p>Pano de limpeza autom\u00e1tico projetado para limpeza eficiente de blanquetas em m\u00e1quinas de impress\u00e3o Offset<\/p>\n                                <\/div>\n        \n        \n                <\/div>\n        <\/div>\t\t<\/div>\n\t\t\t\t<\/div>\n\t\t\t\t<\/div>\n\t\t<div class=\"elementor-element elementor-element-415d2fc e-grid e-con-full wpr-particle-no wpr-jarallax-no wpr-parallax-no wpr-sticky-section-no e-con e-parent\" data-id=\"415d2fc\" data-element_type=\"container\">\n\t\t\t\t<div class=\"elementor-element elementor-element-1bdce2a ekit-equal-height-disable exad-sticky-section-no exad-glass-effect-no elementor-widget elementor-widget-elementskit-icon-box\" data-id=\"1bdce2a\" data-element_type=\"widget\" data-widget_type=\"elementskit-icon-box.default\">\n\t\t\t\t<div class=\"elementor-widget-container\">\n\t\t\t<div class=\"ekit-wid-con\" >        <!-- link opening -->\n                <!-- end link opening -->\n\n        <div class=\"elementskit-infobox text-center text- icon-top-align elementor-animation-\">\n                            <div class=\"elementskit-box-header\">\n                <div class=\"elementskit-info-box-icon\">\n                    <img loading=\"lazy\" decoding=\"async\" width=\"1080\" height=\"1080\" src=\"https:\/\/stratisrl.com\/wp-content\/uploads\/2026\/03\/papel-calibrado.jpg\" class=\"attachment- size-\" alt=\"\" srcset=\"https:\/\/stratisrl.com\/wp-content\/uploads\/2026\/03\/papel-calibrado.jpg 1080w, https:\/\/stratisrl.com\/wp-content\/uploads\/2026\/03\/papel-calibrado-300x300.jpg 300w, https:\/\/stratisrl.com\/wp-content\/uploads\/2026\/03\/papel-calibrado-1024x1024.jpg 1024w, https:\/\/stratisrl.com\/wp-content\/uploads\/2026\/03\/papel-calibrado-150x150.jpg 150w, https:\/\/stratisrl.com\/wp-content\/uploads\/2026\/03\/papel-calibrado-768x768.jpg 768w, https:\/\/stratisrl.com\/wp-content\/uploads\/2026\/03\/papel-calibrado-12x12.jpg 12w\" sizes=\"(max-width: 1080px) 100vw, 1080px\" \/>                <\/div>\n          <\/div>\n                <div class=\"box-body\">\n                            <h3 class=\"elementskit-info-box-title\">\n                    Papel Calibrado                <\/h3>\n                        \t\t  \t<p>Papel calibrado: Papel desenvolvido com controle rigoroso de espessura (calibra\u00e7\u00e3o), utilizado para acerto de press\u00e3o entre cilindros, montagem de blanquetas e outras aplica\u00e7\u00f5es no ambiente gr\u00e1fico. Dispon\u00edveis nas espessuras 0,10\/0,15\/0,20\/0,25\/0,30 e 0,40 mm, garante precis\u00e3o, estabilidade e excelente performance operacional.<\/p>\n                                <\/div>\n        \n        \n                <\/div>\n        <\/div>\t\t<\/div>\n\t\t\t\t<\/div>\n\t\t\t\t<\/div>\n\t\t\t\t\t<\/div>\n\t\t<\/div>\n\t\t\t\t\t<\/div>\n\t\t<\/section>\n\t\t\t\t<\/div>","protected":false},"excerpt":{"rendered":"<p>Home \/ Other Products Other Products Products Printing Blankets Coating Plates Dry offset Underpacking Materials Other Products Technical Data Sheets Contact info@stratisrl.com Other Products Viskovitta Lithographic Sponge Automatic cleaning cloth designed for efficient cleaning of printing blankets in offset printing machines. Viscoceres Lithographic Sponge Automatic cleaning cloth designed for efficient cleaning of printing blankets in offset printing machines. Ink Fountain Blade High-quality blade designed for offset printing machines, ensuring uniform ink distribution and excellent performance. Blue and White Cleaning Cloth Automatic cleaning cloth designed for efficient blanket cleaning in offset printing machines. Calibrated Paper Calibrated paper developed with strict thickness control, used for pressure setting between cylinders, mounting of printing blankets, and other applications in the printing environment. Available in thicknesses of 0.10 \/ 0.15 \/ 0.20 \/ 0.25 \/ 0.30 and 0.40 mm, it ensures precision, stability, and excellent operational performance.<\/p>","protected":false},"author":1,"featured_media":0,"parent":0,"menu_order":0,"comment_status":"closed","ping_status":"closed","template":"elementor_header_footer","meta":{"footnotes":""},"class_list":["post-745","page","type-page","status-publish","hentry"],"_links":{"self":[{"href":"https:\/\/stratisrl.com\/pt\/wp-json\/wp\/v2\/pages\/745","targetHints":{"allow":["GET"]}}],"collection":[{"href":"https:\/\/stratisrl.com\/pt\/wp-json\/wp\/v2\/pages"}],"about":[{"href":"https:\/\/stratisrl.com\/pt\/wp-json\/wp\/v2\/types\/page"}],"author":[{"embeddable":true,"href":"https:\/\/stratisrl.com\/pt\/wp-json\/wp\/v2\/users\/1"}],"replies":[{"embeddable":true,"href":"https:\/\/stratisrl.com\/pt\/wp-json\/wp\/v2\/comments?post=745"}],"version-history":[{"count":32,"href":"https:\/\/stratisrl.com\/pt\/wp-json\/wp\/v2\/pages\/745\/revisions"}],"predecessor-version":[{"id":822,"href":"https:\/\/stratisrl.com\/pt\/wp-json\/wp\/v2\/pages\/745\/revisions\/822"}],"wp:attachment":[{"href":"https:\/\/stratisrl.com\/pt\/wp-json\/wp\/v2\/media?parent=745"}],"curies":[{"name":"wp","href":"https:\/\/api.w.org\/{rel}","templated":true}]}}